{"id":709584,"date":"2024-10-15T16:48:00","date_gmt":"2024-10-15T14:48:00","guid":{"rendered":"https:\/\/streetmarkets.fr\/app\/produit\/nouveau-pull-loraine-bloody-mary-masscob\/"},"modified":"2025-02-26T01:03:13","modified_gmt":"2025-02-26T00:03:13","slug":"nouveau-pull-loraine-bloody-mary-masscob","status":"publish","type":"product","link":"https:\/\/streetmarkets.fr\/app\/produit\/nouveau-pull-loraine-bloody-mary-masscob\/","title":{"rendered":"MASSCOB Pull Loraine Bloody Mary"},"content":{"rendered":"<p>Pull en laine coupe ample, encolure arrondie, manches longues et emmanchure large. Tout doux et chaud. Le mod\u00e8le taille grand. Sur la photo le pull est coordonn\u00e9 avec les escarpins Faye Porto. <\/p>\n<p>D\u00e9tail : 60% superkid mohair, 40% polyamide<\/p>\n","protected":false},"excerpt":{"rendered":"<p>Pull en laine coupe ample, encolure arrondie, manches longues et emmanchure large. Tout doux et chaud. Le mod\u00e8le taille grand. Sur la photo le pull est coordonn\u00e9 avec les escarpins Faye Porto. D\u00e9tail : 60% superkid mohair, 40% polyamide<\/p>\n","protected":false},"featured_media":709585,"comment_status":"open","ping_status":"closed","template":"","meta":[],"product_brand":[],"product_cat":[1756,1762],"product_tag":[2244],"acf":[],"_links":{"self":[{"href":"https:\/\/streetmarkets.fr\/app\/wp-json\/wp\/v2\/product\/709584"}],"collection":[{"href":"https:\/\/streetmarkets.fr\/app\/wp-json\/wp\/v2\/product"}],"about":[{"href":"https:\/\/streetmarkets.fr\/app\/wp-json\/wp\/v2\/types\/product"}],"replies":[{"embeddable":true,"href":"https:\/\/streetmarkets.fr\/app\/wp-json\/wp\/v2\/comments?post=709584"}],"wp:featuredmedia":[{"embeddable":true,"href":"https:\/\/streetmarkets.fr\/app\/wp-json\/wp\/v2\/media\/709585"}],"wp:attachment":[{"href":"https:\/\/streetmarkets.fr\/app\/wp-json\/wp\/v2\/media?parent=709584"}],"wp:term":[{"taxonomy":"product_brand","embeddable":true,"href":"https:\/\/streetmarkets.fr\/app\/wp-json\/wp\/v2\/product_brand?post=709584"},{"taxonomy":"product_cat","embeddable":true,"href":"https:\/\/streetmarkets.fr\/app\/wp-json\/wp\/v2\/product_cat?post=709584"},{"taxonomy":"product_tag","embeddable":true,"href":"https:\/\/streetmarkets.fr\/app\/wp-json\/wp\/v2\/product_tag?post=709584"}],"curies":[{"name":"wp","href":"https:\/\/api.w.org\/{rel}","templated":true}]}}