{"id":709577,"date":"2024-10-15T16:48:00","date_gmt":"2024-10-15T14:48:00","guid":{"rendered":"https:\/\/streetmarkets.fr\/app\/produit\/nouveau-pull-evana-camomille-masscob\/"},"modified":"2025-09-17T02:02:04","modified_gmt":"2025-09-17T00:02:04","slug":"nouveau-pull-evana-camomille-masscob","status":"publish","type":"product","link":"https:\/\/streetmarkets.fr\/app\/produit\/nouveau-pull-evana-camomille-masscob\/","title":{"rendered":"MASSCOB Pull Evana Camomille -40%"},"content":{"rendered":"<p>Evanna, un des mod\u00e8les best of de MASSCOB, en laine coupe ample, col roul\u00e9, manches longues et emmanchure large. Tout doux et chaud.<\/p>\n<p>D\u00e9tail : 65% superkid mohair, 32% polyamide, 3% laine merinos extra fine<\/p>\n","protected":false},"excerpt":{"rendered":"<p>Evanna, un des mod\u00e8les best of de MASSCOB, en laine coupe ample, col roul\u00e9, manches longues et emmanchure large. Tout doux et chaud. D\u00e9tail : 65% superkid mohair, 32% polyamide, 3% laine merinos extra fine<\/p>\n","protected":false},"featured_media":709578,"comment_status":"open","ping_status":"closed","template":"","meta":[],"product_brand":[],"product_cat":[1756,1762],"product_tag":[2244],"acf":[],"_links":{"self":[{"href":"https:\/\/streetmarkets.fr\/app\/wp-json\/wp\/v2\/product\/709577"}],"collection":[{"href":"https:\/\/streetmarkets.fr\/app\/wp-json\/wp\/v2\/product"}],"about":[{"href":"https:\/\/streetmarkets.fr\/app\/wp-json\/wp\/v2\/types\/product"}],"replies":[{"embeddable":true,"href":"https:\/\/streetmarkets.fr\/app\/wp-json\/wp\/v2\/comments?post=709577"}],"wp:featuredmedia":[{"embeddable":true,"href":"https:\/\/streetmarkets.fr\/app\/wp-json\/wp\/v2\/media\/709578"}],"wp:attachment":[{"href":"https:\/\/streetmarkets.fr\/app\/wp-json\/wp\/v2\/media?parent=709577"}],"wp:term":[{"taxonomy":"product_brand","embeddable":true,"href":"https:\/\/streetmarkets.fr\/app\/wp-json\/wp\/v2\/product_brand?post=709577"},{"taxonomy":"product_cat","embeddable":true,"href":"https:\/\/streetmarkets.fr\/app\/wp-json\/wp\/v2\/product_cat?post=709577"},{"taxonomy":"product_tag","embeddable":true,"href":"https:\/\/streetmarkets.fr\/app\/wp-json\/wp\/v2\/product_tag?post=709577"}],"curies":[{"name":"wp","href":"https:\/\/api.w.org\/{rel}","templated":true}]}}