{"id":709559,"date":"2024-10-15T16:47:58","date_gmt":"2024-10-15T14:47:58","guid":{"rendered":"https:\/\/streetmarkets.fr\/app\/produit\/nouveau-gilet-bailadero-aloe-masscob\/"},"modified":"2025-02-26T01:03:12","modified_gmt":"2025-02-26T00:03:12","slug":"nouveau-gilet-bailadero-aloe-masscob","status":"publish","type":"product","link":"https:\/\/streetmarkets.fr\/app\/produit\/nouveau-gilet-bailadero-aloe-masscob\/","title":{"rendered":"MASSCOB Gilet Bailadero Aloe -30%"},"content":{"rendered":"<p class=\"\">Un des gilets cultes de la marque, en laine coupe droite, manches longues et poignets resserr\u00e9s, encolure arrondie et boutonn\u00e9e. Tout doux et chaud. \u00c9galement disponible dans la couleur Blues.<\/p>\n<p class=\"\">D\u00e9tail : 32% baby alpaca, 27% laine merinos, 41% polyamide<\/p>\n","protected":false},"excerpt":{"rendered":"<p>Un des gilets cultes de la marque, en laine coupe droite, manches longues et poignets resserr\u00e9s, encolure arrondie et boutonn\u00e9e. Tout doux et chaud. \u00c9galement disponible dans la couleur Blues. D\u00e9tail : 32% baby alpaca, 27% laine merinos, 41% polyamide<\/p>\n","protected":false},"featured_media":709560,"comment_status":"open","ping_status":"closed","template":"","meta":[],"product_brand":[],"product_cat":[1756,1762],"product_tag":[2244],"acf":[],"_links":{"self":[{"href":"https:\/\/streetmarkets.fr\/app\/wp-json\/wp\/v2\/product\/709559"}],"collection":[{"href":"https:\/\/streetmarkets.fr\/app\/wp-json\/wp\/v2\/product"}],"about":[{"href":"https:\/\/streetmarkets.fr\/app\/wp-json\/wp\/v2\/types\/product"}],"replies":[{"embeddable":true,"href":"https:\/\/streetmarkets.fr\/app\/wp-json\/wp\/v2\/comments?post=709559"}],"wp:featuredmedia":[{"embeddable":true,"href":"https:\/\/streetmarkets.fr\/app\/wp-json\/wp\/v2\/media\/709560"}],"wp:attachment":[{"href":"https:\/\/streetmarkets.fr\/app\/wp-json\/wp\/v2\/media?parent=709559"}],"wp:term":[{"taxonomy":"product_brand","embeddable":true,"href":"https:\/\/streetmarkets.fr\/app\/wp-json\/wp\/v2\/product_brand?post=709559"},{"taxonomy":"product_cat","embeddable":true,"href":"https:\/\/streetmarkets.fr\/app\/wp-json\/wp\/v2\/product_cat?post=709559"},{"taxonomy":"product_tag","embeddable":true,"href":"https:\/\/streetmarkets.fr\/app\/wp-json\/wp\/v2\/product_tag?post=709559"}],"curies":[{"name":"wp","href":"https:\/\/api.w.org\/{rel}","templated":true}]}}