{"id":709529,"date":"2024-10-15T16:47:54","date_gmt":"2024-10-15T14:47:54","guid":{"rendered":"https:\/\/streetmarkets.fr\/app\/produit\/nouveau-gilet-cortland-petal-masscob\/"},"modified":"2025-02-26T01:03:12","modified_gmt":"2025-02-26T00:03:12","slug":"nouveau-gilet-cortland-petal-masscob","status":"publish","type":"product","link":"https:\/\/streetmarkets.fr\/app\/produit\/nouveau-gilet-cortland-petal-masscob\/","title":{"rendered":"MASSCOB Gilet Cortland Petal -30%"},"content":{"rendered":"<p class=\"\">Gilet mode petite veste, coupe ample, manches longues, emmanchure large et poignets resserr\u00e9s, encolure V et boutonn\u00e9e. Tout doux et chaud.<\/p>\n<p class=\"\">D\u00e9tail : 35% merinos, 30% baby alpaca, 35% acrylique<\/p>\n","protected":false},"excerpt":{"rendered":"<p>Gilet mode petite veste, coupe ample, manches longues, emmanchure large et poignets resserr\u00e9s, encolure V et boutonn\u00e9e. Tout doux et chaud. D\u00e9tail : 35% merinos, 30% baby alpaca, 35% acrylique<\/p>\n","protected":false},"featured_media":709530,"comment_status":"open","ping_status":"closed","template":"","meta":[],"product_brand":[],"product_cat":[1756,1762],"product_tag":[2244],"acf":[],"_links":{"self":[{"href":"https:\/\/streetmarkets.fr\/app\/wp-json\/wp\/v2\/product\/709529"}],"collection":[{"href":"https:\/\/streetmarkets.fr\/app\/wp-json\/wp\/v2\/product"}],"about":[{"href":"https:\/\/streetmarkets.fr\/app\/wp-json\/wp\/v2\/types\/product"}],"replies":[{"embeddable":true,"href":"https:\/\/streetmarkets.fr\/app\/wp-json\/wp\/v2\/comments?post=709529"}],"wp:featuredmedia":[{"embeddable":true,"href":"https:\/\/streetmarkets.fr\/app\/wp-json\/wp\/v2\/media\/709530"}],"wp:attachment":[{"href":"https:\/\/streetmarkets.fr\/app\/wp-json\/wp\/v2\/media?parent=709529"}],"wp:term":[{"taxonomy":"product_brand","embeddable":true,"href":"https:\/\/streetmarkets.fr\/app\/wp-json\/wp\/v2\/product_brand?post=709529"},{"taxonomy":"product_cat","embeddable":true,"href":"https:\/\/streetmarkets.fr\/app\/wp-json\/wp\/v2\/product_cat?post=709529"},{"taxonomy":"product_tag","embeddable":true,"href":"https:\/\/streetmarkets.fr\/app\/wp-json\/wp\/v2\/product_tag?post=709529"}],"curies":[{"name":"wp","href":"https:\/\/api.w.org\/{rel}","templated":true}]}}