{"id":709514,"date":"2024-10-15T16:47:52","date_gmt":"2024-10-15T14:47:52","guid":{"rendered":"https:\/\/streetmarkets.fr\/app\/produit\/nouveau-gilet-minetta-petal-masscob\/"},"modified":"2025-02-26T01:03:11","modified_gmt":"2025-02-26T00:03:11","slug":"nouveau-gilet-minetta-petal-masscob","status":"publish","type":"product","link":"https:\/\/streetmarkets.fr\/app\/produit\/nouveau-gilet-minetta-petal-masscob\/","title":{"rendered":"MASSCOB Gilet Minetta Petal"},"content":{"rendered":"<p>Gilet coupe ample et droite, manches longues et poignets resserr\u00e9s, boutonn\u00e9 devant. \u00c9galement disponible dans la couleur Straw. Tout doux et chaud.<\/p>\n<p>D\u00e9tail : 35% merinos, 30% baby alpaca, 35% acrylique<\/p>\n","protected":false},"excerpt":{"rendered":"<p>Gilet coupe ample et droite, manches longues et poignets resserr\u00e9s, boutonn\u00e9 devant. \u00c9galement disponible dans la couleur Straw. Tout doux et chaud. D\u00e9tail : 35% merinos, 30% baby alpaca, 35% acrylique<\/p>\n","protected":false},"featured_media":709515,"comment_status":"open","ping_status":"closed","template":"","meta":[],"product_brand":[],"product_cat":[1756,1762],"product_tag":[2244],"acf":[],"_links":{"self":[{"href":"https:\/\/streetmarkets.fr\/app\/wp-json\/wp\/v2\/product\/709514"}],"collection":[{"href":"https:\/\/streetmarkets.fr\/app\/wp-json\/wp\/v2\/product"}],"about":[{"href":"https:\/\/streetmarkets.fr\/app\/wp-json\/wp\/v2\/types\/product"}],"replies":[{"embeddable":true,"href":"https:\/\/streetmarkets.fr\/app\/wp-json\/wp\/v2\/comments?post=709514"}],"wp:featuredmedia":[{"embeddable":true,"href":"https:\/\/streetmarkets.fr\/app\/wp-json\/wp\/v2\/media\/709515"}],"wp:attachment":[{"href":"https:\/\/streetmarkets.fr\/app\/wp-json\/wp\/v2\/media?parent=709514"}],"wp:term":[{"taxonomy":"product_brand","embeddable":true,"href":"https:\/\/streetmarkets.fr\/app\/wp-json\/wp\/v2\/product_brand?post=709514"},{"taxonomy":"product_cat","embeddable":true,"href":"https:\/\/streetmarkets.fr\/app\/wp-json\/wp\/v2\/product_cat?post=709514"},{"taxonomy":"product_tag","embeddable":true,"href":"https:\/\/streetmarkets.fr\/app\/wp-json\/wp\/v2\/product_tag?post=709514"}],"curies":[{"name":"wp","href":"https:\/\/api.w.org\/{rel}","templated":true}]}}