{"id":709474,"date":"2024-10-15T16:47:49","date_gmt":"2024-10-15T14:47:49","guid":{"rendered":"https:\/\/streetmarkets.fr\/app\/produit\/nouveau-gilet-whitney-amatista-masscob\/"},"modified":"2025-02-26T01:03:10","modified_gmt":"2025-02-26T00:03:10","slug":"nouveau-gilet-whitney-amatista-masscob","status":"publish","type":"product","link":"https:\/\/streetmarkets.fr\/app\/produit\/nouveau-gilet-whitney-amatista-masscob\/","title":{"rendered":"MASSCOB Gilet Whitney Amatista -30%"},"content":{"rendered":"<p class=\"\">L\u2019iconique gilet de MASSCOB, en laine coupe ample et court, manches longues et poignets resserr\u00e9s, emmanchure large, boutonn\u00e9 devant. \u00c9galement disponible dans la couleur Camomille. Tout doux et chaud.<\/p>\n<p class=\"\">D\u00e9tail : 65% superkid mohair, 32% polyamide, 3% extra fine m\u00e9rinos<\/p>\n","protected":false},"excerpt":{"rendered":"<p>L\u2019iconique gilet de MASSCOB, en laine coupe ample et court, manches longues et poignets resserr\u00e9s, emmanchure large, boutonn\u00e9 devant. \u00c9galement disponible dans la couleur Camomille. Tout doux et chaud. D\u00e9tail : 65% superkid mohair, 32% polyamide, 3% extra fine m\u00e9rinos<\/p>\n","protected":false},"featured_media":709475,"comment_status":"open","ping_status":"closed","template":"","meta":[],"product_brand":[],"product_cat":[1756,1762],"product_tag":[2244],"acf":[],"_links":{"self":[{"href":"https:\/\/streetmarkets.fr\/app\/wp-json\/wp\/v2\/product\/709474"}],"collection":[{"href":"https:\/\/streetmarkets.fr\/app\/wp-json\/wp\/v2\/product"}],"about":[{"href":"https:\/\/streetmarkets.fr\/app\/wp-json\/wp\/v2\/types\/product"}],"replies":[{"embeddable":true,"href":"https:\/\/streetmarkets.fr\/app\/wp-json\/wp\/v2\/comments?post=709474"}],"wp:featuredmedia":[{"embeddable":true,"href":"https:\/\/streetmarkets.fr\/app\/wp-json\/wp\/v2\/media\/709475"}],"wp:attachment":[{"href":"https:\/\/streetmarkets.fr\/app\/wp-json\/wp\/v2\/media?parent=709474"}],"wp:term":[{"taxonomy":"product_brand","embeddable":true,"href":"https:\/\/streetmarkets.fr\/app\/wp-json\/wp\/v2\/product_brand?post=709474"},{"taxonomy":"product_cat","embeddable":true,"href":"https:\/\/streetmarkets.fr\/app\/wp-json\/wp\/v2\/product_cat?post=709474"},{"taxonomy":"product_tag","embeddable":true,"href":"https:\/\/streetmarkets.fr\/app\/wp-json\/wp\/v2\/product_tag?post=709474"}],"curies":[{"name":"wp","href":"https:\/\/api.w.org\/{rel}","templated":true}]}}