{"id":709456,"date":"2024-10-15T16:47:47","date_gmt":"2024-10-15T14:47:47","guid":{"rendered":"https:\/\/streetmarkets.fr\/app\/produit\/nouveau-pull-palma-camomille-masscob\/"},"modified":"2025-02-26T01:03:10","modified_gmt":"2025-02-26T00:03:10","slug":"nouveau-pull-palma-camomille-masscob","status":"publish","type":"product","link":"https:\/\/streetmarkets.fr\/app\/produit\/nouveau-pull-palma-camomille-masscob\/","title":{"rendered":"MASSCOB Pull Palma Camomille -30%"},"content":{"rendered":"<p>Pull en laine sans manche coupe ample et droite, encolure arrondie, tout doux et chaud, \u00e0 porter sur une chemise, une robe&#8230; Le mod\u00e8le taille grand.<\/p>\n<p>Sur la photo le pull est port\u00e9 sur la chemise Vetry Vanilla.<\/p>\n<p>D\u00e9tail : 65% superkid mohair, 32% polyamide, 3% laine merinos extra fine<\/p>\n","protected":false},"excerpt":{"rendered":"<p>Pull en laine sans manche coupe ample et droite, encolure arrondie, tout doux et chaud, \u00e0 porter sur une chemise, une robe&#8230; Le mod\u00e8le taille grand. Sur la photo le pull est port\u00e9 sur la chemise Vetry Vanilla. D\u00e9tail : 65% superkid mohair, 32% polyamide, 3% laine merinos extra fine<\/p>\n","protected":false},"featured_media":709457,"comment_status":"open","ping_status":"closed","template":"","meta":[],"product_brand":[],"product_cat":[1756,1762],"product_tag":[2244],"acf":[],"_links":{"self":[{"href":"https:\/\/streetmarkets.fr\/app\/wp-json\/wp\/v2\/product\/709456"}],"collection":[{"href":"https:\/\/streetmarkets.fr\/app\/wp-json\/wp\/v2\/product"}],"about":[{"href":"https:\/\/streetmarkets.fr\/app\/wp-json\/wp\/v2\/types\/product"}],"replies":[{"embeddable":true,"href":"https:\/\/streetmarkets.fr\/app\/wp-json\/wp\/v2\/comments?post=709456"}],"wp:featuredmedia":[{"embeddable":true,"href":"https:\/\/streetmarkets.fr\/app\/wp-json\/wp\/v2\/media\/709457"}],"wp:attachment":[{"href":"https:\/\/streetmarkets.fr\/app\/wp-json\/wp\/v2\/media?parent=709456"}],"wp:term":[{"taxonomy":"product_brand","embeddable":true,"href":"https:\/\/streetmarkets.fr\/app\/wp-json\/wp\/v2\/product_brand?post=709456"},{"taxonomy":"product_cat","embeddable":true,"href":"https:\/\/streetmarkets.fr\/app\/wp-json\/wp\/v2\/product_cat?post=709456"},{"taxonomy":"product_tag","embeddable":true,"href":"https:\/\/streetmarkets.fr\/app\/wp-json\/wp\/v2\/product_tag?post=709456"}],"curies":[{"name":"wp","href":"https:\/\/api.w.org\/{rel}","templated":true}]}}