{"id":709440,"date":"2024-10-15T16:47:45","date_gmt":"2024-10-15T14:47:45","guid":{"rendered":"https:\/\/streetmarkets.fr\/app\/produit\/nouveau-gilet-kazan-hemp-masscob\/"},"modified":"2025-02-26T01:03:10","modified_gmt":"2025-02-26T00:03:10","slug":"nouveau-gilet-kazan-hemp-masscob","status":"publish","type":"product","link":"https:\/\/streetmarkets.fr\/app\/produit\/nouveau-gilet-kazan-hemp-masscob\/","title":{"rendered":"MASSCOB Gilet Kazan Hemp"},"content":{"rendered":"<p class=\"\">Gilet en laine coupe ample, manches longues et poignets resserr\u00e9s, emmanchure large, boutonn\u00e9 devant. \u00c9galement disponible dans la couleur Amatista. Tout doux et chaud.<\/p>\n<p class=\"\">D\u00e9tail : 65% superkid mohair, 32% polyamide, 3% extra fine m\u00e9rinos<\/p>\n","protected":false},"excerpt":{"rendered":"<p>Gilet en laine coupe ample, manches longues et poignets resserr\u00e9s, emmanchure large, boutonn\u00e9 devant. \u00c9galement disponible dans la couleur Amatista. Tout doux et chaud. D\u00e9tail : 65% superkid mohair, 32% polyamide, 3% extra fine m\u00e9rinos<\/p>\n","protected":false},"featured_media":709441,"comment_status":"open","ping_status":"closed","template":"","meta":[],"product_brand":[],"product_cat":[1756,1762],"product_tag":[2244],"acf":[],"_links":{"self":[{"href":"https:\/\/streetmarkets.fr\/app\/wp-json\/wp\/v2\/product\/709440"}],"collection":[{"href":"https:\/\/streetmarkets.fr\/app\/wp-json\/wp\/v2\/product"}],"about":[{"href":"https:\/\/streetmarkets.fr\/app\/wp-json\/wp\/v2\/types\/product"}],"replies":[{"embeddable":true,"href":"https:\/\/streetmarkets.fr\/app\/wp-json\/wp\/v2\/comments?post=709440"}],"wp:featuredmedia":[{"embeddable":true,"href":"https:\/\/streetmarkets.fr\/app\/wp-json\/wp\/v2\/media\/709441"}],"wp:attachment":[{"href":"https:\/\/streetmarkets.fr\/app\/wp-json\/wp\/v2\/media?parent=709440"}],"wp:term":[{"taxonomy":"product_brand","embeddable":true,"href":"https:\/\/streetmarkets.fr\/app\/wp-json\/wp\/v2\/product_brand?post=709440"},{"taxonomy":"product_cat","embeddable":true,"href":"https:\/\/streetmarkets.fr\/app\/wp-json\/wp\/v2\/product_cat?post=709440"},{"taxonomy":"product_tag","embeddable":true,"href":"https:\/\/streetmarkets.fr\/app\/wp-json\/wp\/v2\/product_tag?post=709440"}],"curies":[{"name":"wp","href":"https:\/\/api.w.org\/{rel}","templated":true}]}}