{"id":709413,"date":"2024-10-15T16:47:07","date_gmt":"2024-10-15T14:47:07","guid":{"rendered":"https:\/\/streetmarkets.fr\/app\/produit\/nouveau-pantalon-russel-ice-masscob\/"},"modified":"2025-09-17T02:00:59","modified_gmt":"2025-09-17T00:00:59","slug":"nouveau-pantalon-russel-ice-masscob","status":"publish","type":"product","link":"https:\/\/streetmarkets.fr\/app\/produit\/nouveau-pantalon-russel-ice-masscob\/","title":{"rendered":"MASSCOB Pantalon Russel Ice -40%"},"content":{"rendered":"<p class=\"\">Pantalon en velours, coupe droite, ceinture \u00e9lastique, deux poches lat\u00e9rales et une poche dans le dos. Coupe cool et confortable.<\/p>\n<p class=\"\">D\u00e9tail : 98% coton, 2% \u00e9lasthanne<\/p>\n","protected":false},"excerpt":{"rendered":"<p>Pantalon en velours, coupe droite, ceinture \u00e9lastique, deux poches lat\u00e9rales et une poche dans le dos. Coupe cool et confortable. D\u00e9tail : 98% coton, 2% \u00e9lasthanne<\/p>\n","protected":false},"featured_media":709414,"comment_status":"open","ping_status":"closed","template":"","meta":[],"product_brand":[],"product_cat":[1756,1762],"product_tag":[2244],"acf":[],"_links":{"self":[{"href":"https:\/\/streetmarkets.fr\/app\/wp-json\/wp\/v2\/product\/709413"}],"collection":[{"href":"https:\/\/streetmarkets.fr\/app\/wp-json\/wp\/v2\/product"}],"about":[{"href":"https:\/\/streetmarkets.fr\/app\/wp-json\/wp\/v2\/types\/product"}],"replies":[{"embeddable":true,"href":"https:\/\/streetmarkets.fr\/app\/wp-json\/wp\/v2\/comments?post=709413"}],"wp:featuredmedia":[{"embeddable":true,"href":"https:\/\/streetmarkets.fr\/app\/wp-json\/wp\/v2\/media\/709414"}],"wp:attachment":[{"href":"https:\/\/streetmarkets.fr\/app\/wp-json\/wp\/v2\/media?parent=709413"}],"wp:term":[{"taxonomy":"product_brand","embeddable":true,"href":"https:\/\/streetmarkets.fr\/app\/wp-json\/wp\/v2\/product_brand?post=709413"},{"taxonomy":"product_cat","embeddable":true,"href":"https:\/\/streetmarkets.fr\/app\/wp-json\/wp\/v2\/product_cat?post=709413"},{"taxonomy":"product_tag","embeddable":true,"href":"https:\/\/streetmarkets.fr\/app\/wp-json\/wp\/v2\/product_tag?post=709413"}],"curies":[{"name":"wp","href":"https:\/\/api.w.org\/{rel}","templated":true}]}}