{"id":709406,"date":"2024-10-15T16:47:07","date_gmt":"2024-10-15T14:47:07","guid":{"rendered":"https:\/\/streetmarkets.fr\/app\/produit\/nouveau-pantalon-sag-oxford-blue-masscob\/"},"modified":"2026-03-18T01:00:37","modified_gmt":"2026-03-18T00:00:37","slug":"nouveau-pantalon-sag-oxford-blue-masscob","status":"publish","type":"product","link":"https:\/\/streetmarkets.fr\/app\/produit\/nouveau-pantalon-sag-oxford-blue-masscob\/","title":{"rendered":"MASSCOB Pantalon Sag Oxford Blue -40%"},"content":{"rendered":"<p>Pantalon en laine coupe droite, jambe large, deux poches lat\u00e9rales. \u00c9l\u00e9gant, chaud et fluide.<\/p>\n<p>D\u00e9tail : 100% laine<\/p>\n","protected":false},"excerpt":{"rendered":"<p>Pantalon en laine coupe droite, jambe large, deux poches lat\u00e9rales. \u00c9l\u00e9gant, chaud et fluide. D\u00e9tail : 100% laine<\/p>\n","protected":false},"featured_media":709407,"comment_status":"open","ping_status":"closed","template":"","meta":[],"product_brand":[],"product_cat":[1756,1762],"product_tag":[2244],"acf":[],"_links":{"self":[{"href":"https:\/\/streetmarkets.fr\/app\/wp-json\/wp\/v2\/product\/709406"}],"collection":[{"href":"https:\/\/streetmarkets.fr\/app\/wp-json\/wp\/v2\/product"}],"about":[{"href":"https:\/\/streetmarkets.fr\/app\/wp-json\/wp\/v2\/types\/product"}],"replies":[{"embeddable":true,"href":"https:\/\/streetmarkets.fr\/app\/wp-json\/wp\/v2\/comments?post=709406"}],"wp:featuredmedia":[{"embeddable":true,"href":"https:\/\/streetmarkets.fr\/app\/wp-json\/wp\/v2\/media\/709407"}],"wp:attachment":[{"href":"https:\/\/streetmarkets.fr\/app\/wp-json\/wp\/v2\/media?parent=709406"}],"wp:term":[{"taxonomy":"product_brand","embeddable":true,"href":"https:\/\/streetmarkets.fr\/app\/wp-json\/wp\/v2\/product_brand?post=709406"},{"taxonomy":"product_cat","embeddable":true,"href":"https:\/\/streetmarkets.fr\/app\/wp-json\/wp\/v2\/product_cat?post=709406"},{"taxonomy":"product_tag","embeddable":true,"href":"https:\/\/streetmarkets.fr\/app\/wp-json\/wp\/v2\/product_tag?post=709406"}],"curies":[{"name":"wp","href":"https:\/\/api.w.org\/{rel}","templated":true}]}}