{"id":709385,"date":"2024-10-15T16:47:05","date_gmt":"2024-10-15T14:47:05","guid":{"rendered":"https:\/\/streetmarkets.fr\/app\/produit\/nouveau-veste-baskin-oxford-blue-masscob\/"},"modified":"2025-02-19T01:03:15","modified_gmt":"2025-02-19T00:03:15","slug":"nouveau-veste-baskin-oxford-blue-masscob","status":"publish","type":"product","link":"https:\/\/streetmarkets.fr\/app\/produit\/nouveau-veste-baskin-oxford-blue-masscob\/","title":{"rendered":"MASSCOB Veste Baskin Oxford Blue"},"content":{"rendered":"<p class=\"\">Veste en laine \u00e0 porter ouverte, coupe droite, manches longues, deux poches lat\u00e9rales, pas de boutonnage. Chaude et \u00e9l\u00e9gante.<\/p>\n<p class=\"\">D\u00e9tail : 100% laine<\/p>\n","protected":false},"excerpt":{"rendered":"<p>Veste en laine \u00e0 porter ouverte, coupe droite, manches longues, deux poches lat\u00e9rales, pas de boutonnage. Chaude et \u00e9l\u00e9gante. D\u00e9tail : 100% laine<\/p>\n","protected":false},"featured_media":709386,"comment_status":"open","ping_status":"closed","template":"","meta":[],"product_brand":[],"product_cat":[1756,1762],"product_tag":[2244],"acf":[],"_links":{"self":[{"href":"https:\/\/streetmarkets.fr\/app\/wp-json\/wp\/v2\/product\/709385"}],"collection":[{"href":"https:\/\/streetmarkets.fr\/app\/wp-json\/wp\/v2\/product"}],"about":[{"href":"https:\/\/streetmarkets.fr\/app\/wp-json\/wp\/v2\/types\/product"}],"replies":[{"embeddable":true,"href":"https:\/\/streetmarkets.fr\/app\/wp-json\/wp\/v2\/comments?post=709385"}],"wp:featuredmedia":[{"embeddable":true,"href":"https:\/\/streetmarkets.fr\/app\/wp-json\/wp\/v2\/media\/709386"}],"wp:attachment":[{"href":"https:\/\/streetmarkets.fr\/app\/wp-json\/wp\/v2\/media?parent=709385"}],"wp:term":[{"taxonomy":"product_brand","embeddable":true,"href":"https:\/\/streetmarkets.fr\/app\/wp-json\/wp\/v2\/product_brand?post=709385"},{"taxonomy":"product_cat","embeddable":true,"href":"https:\/\/streetmarkets.fr\/app\/wp-json\/wp\/v2\/product_cat?post=709385"},{"taxonomy":"product_tag","embeddable":true,"href":"https:\/\/streetmarkets.fr\/app\/wp-json\/wp\/v2\/product_tag?post=709385"}],"curies":[{"name":"wp","href":"https:\/\/api.w.org\/{rel}","templated":true}]}}