{"id":709342,"date":"2024-10-15T16:47:02","date_gmt":"2024-10-15T14:47:02","guid":{"rendered":"https:\/\/streetmarkets.fr\/app\/produit\/nouveau-pantalon-simon-light-denim-masscob\/"},"modified":"2025-09-17T02:00:59","modified_gmt":"2025-09-17T00:00:59","slug":"nouveau-pantalon-simon-light-denim-masscob","status":"publish","type":"product","link":"https:\/\/streetmarkets.fr\/app\/produit\/nouveau-pantalon-simon-light-denim-masscob\/","title":{"rendered":"MASSCOB Jean Simon Light Denim -50%"},"content":{"rendered":"<p class=\"\">Jean coupe flare en coton et lin, deux poches lat\u00e9rales et deux poches plaqu\u00e9es dans le dos. <\/p>\n<p class=\"\">D\u00e9tail : 62% coton, 38% lin, ( tissus japonais )<\/p>\n","protected":false},"excerpt":{"rendered":"<p>Jean coupe flare en coton et lin, deux poches lat\u00e9rales et deux poches plaqu\u00e9es dans le dos. D\u00e9tail : 62% coton, 38% lin, ( tissus japonais )<\/p>\n","protected":false},"featured_media":709343,"comment_status":"open","ping_status":"closed","template":"","meta":[],"product_brand":[],"product_cat":[1756,1762],"product_tag":[2244],"acf":[],"_links":{"self":[{"href":"https:\/\/streetmarkets.fr\/app\/wp-json\/wp\/v2\/product\/709342"}],"collection":[{"href":"https:\/\/streetmarkets.fr\/app\/wp-json\/wp\/v2\/product"}],"about":[{"href":"https:\/\/streetmarkets.fr\/app\/wp-json\/wp\/v2\/types\/product"}],"replies":[{"embeddable":true,"href":"https:\/\/streetmarkets.fr\/app\/wp-json\/wp\/v2\/comments?post=709342"}],"wp:featuredmedia":[{"embeddable":true,"href":"https:\/\/streetmarkets.fr\/app\/wp-json\/wp\/v2\/media\/709343"}],"wp:attachment":[{"href":"https:\/\/streetmarkets.fr\/app\/wp-json\/wp\/v2\/media?parent=709342"}],"wp:term":[{"taxonomy":"product_brand","embeddable":true,"href":"https:\/\/streetmarkets.fr\/app\/wp-json\/wp\/v2\/product_brand?post=709342"},{"taxonomy":"product_cat","embeddable":true,"href":"https:\/\/streetmarkets.fr\/app\/wp-json\/wp\/v2\/product_cat?post=709342"},{"taxonomy":"product_tag","embeddable":true,"href":"https:\/\/streetmarkets.fr\/app\/wp-json\/wp\/v2\/product_tag?post=709342"}],"curies":[{"name":"wp","href":"https:\/\/api.w.org\/{rel}","templated":true}]}}