{"id":709330,"date":"2024-10-15T16:47:01","date_gmt":"2024-10-15T14:47:01","guid":{"rendered":"https:\/\/streetmarkets.fr\/app\/produit\/nouveau-veste-gordon-deep-navy-masscob\/"},"modified":"2025-02-19T01:03:14","modified_gmt":"2025-02-19T00:03:14","slug":"nouveau-veste-gordon-deep-navy-masscob","status":"publish","type":"product","link":"https:\/\/streetmarkets.fr\/app\/produit\/nouveau-veste-gordon-deep-navy-masscob\/","title":{"rendered":"MASSCOB Veste Gordon Deep Navy"},"content":{"rendered":"<p class=\"\">Veste en laine coupe ample, manches longues et emmanchure large, deux poches plaqu\u00e9es devant, boutonnage crois\u00e9. <\/p>\n<p class=\"\">D\u00e9tail : 100% laine<\/p>\n","protected":false},"excerpt":{"rendered":"<p>Veste en laine coupe ample, manches longues et emmanchure large, deux poches plaqu\u00e9es devant, boutonnage crois\u00e9. D\u00e9tail : 100% laine<\/p>\n","protected":false},"featured_media":709331,"comment_status":"open","ping_status":"closed","template":"","meta":[],"product_brand":[],"product_cat":[1756,1762],"product_tag":[2244],"acf":[],"_links":{"self":[{"href":"https:\/\/streetmarkets.fr\/app\/wp-json\/wp\/v2\/product\/709330"}],"collection":[{"href":"https:\/\/streetmarkets.fr\/app\/wp-json\/wp\/v2\/product"}],"about":[{"href":"https:\/\/streetmarkets.fr\/app\/wp-json\/wp\/v2\/types\/product"}],"replies":[{"embeddable":true,"href":"https:\/\/streetmarkets.fr\/app\/wp-json\/wp\/v2\/comments?post=709330"}],"wp:featuredmedia":[{"embeddable":true,"href":"https:\/\/streetmarkets.fr\/app\/wp-json\/wp\/v2\/media\/709331"}],"wp:attachment":[{"href":"https:\/\/streetmarkets.fr\/app\/wp-json\/wp\/v2\/media?parent=709330"}],"wp:term":[{"taxonomy":"product_brand","embeddable":true,"href":"https:\/\/streetmarkets.fr\/app\/wp-json\/wp\/v2\/product_brand?post=709330"},{"taxonomy":"product_cat","embeddable":true,"href":"https:\/\/streetmarkets.fr\/app\/wp-json\/wp\/v2\/product_cat?post=709330"},{"taxonomy":"product_tag","embeddable":true,"href":"https:\/\/streetmarkets.fr\/app\/wp-json\/wp\/v2\/product_tag?post=709330"}],"curies":[{"name":"wp","href":"https:\/\/api.w.org\/{rel}","templated":true}]}}