{"id":709306,"date":"2024-10-15T16:46:59","date_gmt":"2024-10-15T14:46:59","guid":{"rendered":"https:\/\/streetmarkets.fr\/app\/produit\/nouveau-robe-erica-botanic-masscob\/"},"modified":"2025-02-19T01:03:14","modified_gmt":"2025-02-19T00:03:14","slug":"nouveau-robe-erica-botanic-masscob","status":"publish","type":"product","link":"https:\/\/streetmarkets.fr\/app\/produit\/nouveau-robe-erica-botanic-masscob\/","title":{"rendered":"MASSCOB Robe Erica Botanic -30%"},"content":{"rendered":"<p>Robe longue en soie \u00e0 motif floral, boutonn\u00e9e devant, manches longues et poignets resserr\u00e9s, douce et fluide. Le mod\u00e8le taille grand.<\/p>\n<p>D\u00e9tail : 100% soie<\/p>\n","protected":false},"excerpt":{"rendered":"<p>Robe longue en soie \u00e0 motif floral, boutonn\u00e9e devant, manches longues et poignets resserr\u00e9s, douce et fluide. Le mod\u00e8le taille grand. D\u00e9tail : 100% soie<\/p>\n","protected":false},"featured_media":709307,"comment_status":"open","ping_status":"closed","template":"","meta":[],"product_brand":[],"product_cat":[1756,1762],"product_tag":[2244],"acf":[],"_links":{"self":[{"href":"https:\/\/streetmarkets.fr\/app\/wp-json\/wp\/v2\/product\/709306"}],"collection":[{"href":"https:\/\/streetmarkets.fr\/app\/wp-json\/wp\/v2\/product"}],"about":[{"href":"https:\/\/streetmarkets.fr\/app\/wp-json\/wp\/v2\/types\/product"}],"replies":[{"embeddable":true,"href":"https:\/\/streetmarkets.fr\/app\/wp-json\/wp\/v2\/comments?post=709306"}],"wp:featuredmedia":[{"embeddable":true,"href":"https:\/\/streetmarkets.fr\/app\/wp-json\/wp\/v2\/media\/709307"}],"wp:attachment":[{"href":"https:\/\/streetmarkets.fr\/app\/wp-json\/wp\/v2\/media?parent=709306"}],"wp:term":[{"taxonomy":"product_brand","embeddable":true,"href":"https:\/\/streetmarkets.fr\/app\/wp-json\/wp\/v2\/product_brand?post=709306"},{"taxonomy":"product_cat","embeddable":true,"href":"https:\/\/streetmarkets.fr\/app\/wp-json\/wp\/v2\/product_cat?post=709306"},{"taxonomy":"product_tag","embeddable":true,"href":"https:\/\/streetmarkets.fr\/app\/wp-json\/wp\/v2\/product_tag?post=709306"}],"curies":[{"name":"wp","href":"https:\/\/api.w.org\/{rel}","templated":true}]}}