{"id":709294,"date":"2024-10-15T16:46:58","date_gmt":"2024-10-15T14:46:58","guid":{"rendered":"https:\/\/streetmarkets.fr\/app\/produit\/nouveau-manteau-curtis-slate-bleu-masscob\/"},"modified":"2025-02-19T01:03:14","modified_gmt":"2025-02-19T00:03:14","slug":"nouveau-manteau-curtis-slate-bleu-masscob","status":"publish","type":"product","link":"https:\/\/streetmarkets.fr\/app\/produit\/nouveau-manteau-curtis-slate-bleu-masscob\/","title":{"rendered":"MASSCOB Manteau Curtis Slate Bleu -30%"},"content":{"rendered":"<p>Manteau en laine coupe ample, style trench, manches longues, emmanchure large, boutonn\u00e9 devant, deux poches lat\u00e9rales. Chaud, confortable et \u00e9l\u00e9gant.<\/p>\n<p>D\u00e9tail : 70% laine, 30% viscose<\/p>\n","protected":false},"excerpt":{"rendered":"<p>Manteau en laine coupe ample, style trench, manches longues, emmanchure large, boutonn\u00e9 devant, deux poches lat\u00e9rales. Chaud, confortable et \u00e9l\u00e9gant. D\u00e9tail : 70% laine, 30% viscose<\/p>\n","protected":false},"featured_media":709295,"comment_status":"open","ping_status":"closed","template":"","meta":[],"product_brand":[],"product_cat":[1756,1762],"product_tag":[2244],"acf":[],"_links":{"self":[{"href":"https:\/\/streetmarkets.fr\/app\/wp-json\/wp\/v2\/product\/709294"}],"collection":[{"href":"https:\/\/streetmarkets.fr\/app\/wp-json\/wp\/v2\/product"}],"about":[{"href":"https:\/\/streetmarkets.fr\/app\/wp-json\/wp\/v2\/types\/product"}],"replies":[{"embeddable":true,"href":"https:\/\/streetmarkets.fr\/app\/wp-json\/wp\/v2\/comments?post=709294"}],"wp:featuredmedia":[{"embeddable":true,"href":"https:\/\/streetmarkets.fr\/app\/wp-json\/wp\/v2\/media\/709295"}],"wp:attachment":[{"href":"https:\/\/streetmarkets.fr\/app\/wp-json\/wp\/v2\/media?parent=709294"}],"wp:term":[{"taxonomy":"product_brand","embeddable":true,"href":"https:\/\/streetmarkets.fr\/app\/wp-json\/wp\/v2\/product_brand?post=709294"},{"taxonomy":"product_cat","embeddable":true,"href":"https:\/\/streetmarkets.fr\/app\/wp-json\/wp\/v2\/product_cat?post=709294"},{"taxonomy":"product_tag","embeddable":true,"href":"https:\/\/streetmarkets.fr\/app\/wp-json\/wp\/v2\/product_tag?post=709294"}],"curies":[{"name":"wp","href":"https:\/\/api.w.org\/{rel}","templated":true}]}}