{"id":709284,"date":"2024-10-15T16:46:57","date_gmt":"2024-10-15T14:46:57","guid":{"rendered":"https:\/\/streetmarkets.fr\/app\/produit\/nouveau-pantalon-pomander-denim-masscob\/"},"modified":"2025-02-19T01:03:14","modified_gmt":"2025-02-19T00:03:14","slug":"nouveau-pantalon-pomander-denim-masscob","status":"publish","type":"product","link":"https:\/\/streetmarkets.fr\/app\/produit\/nouveau-pantalon-pomander-denim-masscob\/","title":{"rendered":"MASSCOB Pantalon Pomander Denim -40%"},"content":{"rendered":"<p>Pantalon en coton coupe l\u00e9g\u00e8rement flare, deux poches lat\u00e9rales, deux poches plaqu\u00e9es dans le dos. PS : Aucun rapport avec la marque Pomand\u00e8re :)) c\u2019est juste le nom du mod\u00e8le \ud83d\ude42<\/p>\n<p>D\u00e9tail : 100% coton japonais<\/p>\n","protected":false},"excerpt":{"rendered":"<p>Pantalon en coton coupe l\u00e9g\u00e8rement flare, deux poches lat\u00e9rales, deux poches plaqu\u00e9es dans le dos. PS : Aucun rapport avec la marque Pomand\u00e8re :)) c\u2019est juste le nom du mod\u00e8le \ud83d\ude42 D\u00e9tail : 100% coton japonais<\/p>\n","protected":false},"featured_media":709285,"comment_status":"open","ping_status":"closed","template":"","meta":[],"product_brand":[],"product_cat":[1756,1762],"product_tag":[2244],"acf":[],"_links":{"self":[{"href":"https:\/\/streetmarkets.fr\/app\/wp-json\/wp\/v2\/product\/709284"}],"collection":[{"href":"https:\/\/streetmarkets.fr\/app\/wp-json\/wp\/v2\/product"}],"about":[{"href":"https:\/\/streetmarkets.fr\/app\/wp-json\/wp\/v2\/types\/product"}],"replies":[{"embeddable":true,"href":"https:\/\/streetmarkets.fr\/app\/wp-json\/wp\/v2\/comments?post=709284"}],"wp:featuredmedia":[{"embeddable":true,"href":"https:\/\/streetmarkets.fr\/app\/wp-json\/wp\/v2\/media\/709285"}],"wp:attachment":[{"href":"https:\/\/streetmarkets.fr\/app\/wp-json\/wp\/v2\/media?parent=709284"}],"wp:term":[{"taxonomy":"product_brand","embeddable":true,"href":"https:\/\/streetmarkets.fr\/app\/wp-json\/wp\/v2\/product_brand?post=709284"},{"taxonomy":"product_cat","embeddable":true,"href":"https:\/\/streetmarkets.fr\/app\/wp-json\/wp\/v2\/product_cat?post=709284"},{"taxonomy":"product_tag","embeddable":true,"href":"https:\/\/streetmarkets.fr\/app\/wp-json\/wp\/v2\/product_tag?post=709284"}],"curies":[{"name":"wp","href":"https:\/\/api.w.org\/{rel}","templated":true}]}}