{"id":709272,"date":"2024-10-15T16:46:57","date_gmt":"2024-10-15T14:46:57","guid":{"rendered":"https:\/\/streetmarkets.fr\/app\/produit\/nouveau-manteau-frances-eucaliptus\/"},"modified":"2025-09-17T02:01:00","modified_gmt":"2025-09-17T00:01:00","slug":"nouveau-manteau-frances-eucaliptus","status":"publish","type":"product","link":"https:\/\/streetmarkets.fr\/app\/produit\/nouveau-manteau-frances-eucaliptus\/","title":{"rendered":"MASSCOB Manteau Frances Eucaliptus -40%"},"content":{"rendered":"<p>Manteau en laine coupe ample, manches longues, emmanchure large, deux poches \u00e0 rabats, boutonn\u00e9 devant. Chaud, confortable et \u00e9l\u00e9gant.<\/p>\n<p>D\u00e9tail : 70% laine, 30% viscose<\/p>\n","protected":false},"excerpt":{"rendered":"<p>Manteau en laine coupe ample, manches longues, emmanchure large, deux poches \u00e0 rabats, boutonn\u00e9 devant. Chaud, confortable et \u00e9l\u00e9gant. D\u00e9tail : 70% laine, 30% viscose<\/p>\n","protected":false},"featured_media":709273,"comment_status":"open","ping_status":"closed","template":"","meta":[],"product_brand":[],"product_cat":[1756,1762],"product_tag":[2244],"acf":[],"_links":{"self":[{"href":"https:\/\/streetmarkets.fr\/app\/wp-json\/wp\/v2\/product\/709272"}],"collection":[{"href":"https:\/\/streetmarkets.fr\/app\/wp-json\/wp\/v2\/product"}],"about":[{"href":"https:\/\/streetmarkets.fr\/app\/wp-json\/wp\/v2\/types\/product"}],"replies":[{"embeddable":true,"href":"https:\/\/streetmarkets.fr\/app\/wp-json\/wp\/v2\/comments?post=709272"}],"wp:featuredmedia":[{"embeddable":true,"href":"https:\/\/streetmarkets.fr\/app\/wp-json\/wp\/v2\/media\/709273"}],"wp:attachment":[{"href":"https:\/\/streetmarkets.fr\/app\/wp-json\/wp\/v2\/media?parent=709272"}],"wp:term":[{"taxonomy":"product_brand","embeddable":true,"href":"https:\/\/streetmarkets.fr\/app\/wp-json\/wp\/v2\/product_brand?post=709272"},{"taxonomy":"product_cat","embeddable":true,"href":"https:\/\/streetmarkets.fr\/app\/wp-json\/wp\/v2\/product_cat?post=709272"},{"taxonomy":"product_tag","embeddable":true,"href":"https:\/\/streetmarkets.fr\/app\/wp-json\/wp\/v2\/product_tag?post=709272"}],"curies":[{"name":"wp","href":"https:\/\/api.w.org\/{rel}","templated":true}]}}