{"id":709263,"date":"2024-10-15T16:46:56","date_gmt":"2024-10-15T14:46:56","guid":{"rendered":"https:\/\/streetmarkets.fr\/app\/produit\/nouveau-manteau-redford-iron-bleu-masscob\/"},"modified":"2025-02-19T01:03:14","modified_gmt":"2025-02-19T00:03:14","slug":"nouveau-manteau-redford-iron-bleu-masscob","status":"publish","type":"product","link":"https:\/\/streetmarkets.fr\/app\/produit\/nouveau-manteau-redford-iron-bleu-masscob\/","title":{"rendered":"MASSCOB Manteau Redford Iron Bleu -30%"},"content":{"rendered":"<p class=\"\">Manteau type cir\u00e9 en coton d\u00e9perlant, coupe ample, manches longues et emmanchure large, petit col velours, boutonn\u00e9 sur toute la hauteur devant, deux poches lat\u00e9rales. Le mod\u00e8le taille grand. <\/p>\n<p class=\"\">D\u00e9tail : 64% coton, 34% polyamide<\/p>\n","protected":false},"excerpt":{"rendered":"<p>Manteau type cir\u00e9 en coton d\u00e9perlant, coupe ample, manches longues et emmanchure large, petit col velours, boutonn\u00e9 sur toute la hauteur devant, deux poches lat\u00e9rales. Le mod\u00e8le taille grand. D\u00e9tail : 64% coton, 34% polyamide<\/p>\n","protected":false},"featured_media":709264,"comment_status":"open","ping_status":"closed","template":"","meta":[],"product_brand":[],"product_cat":[1756,1762],"product_tag":[2244],"acf":[],"_links":{"self":[{"href":"https:\/\/streetmarkets.fr\/app\/wp-json\/wp\/v2\/product\/709263"}],"collection":[{"href":"https:\/\/streetmarkets.fr\/app\/wp-json\/wp\/v2\/product"}],"about":[{"href":"https:\/\/streetmarkets.fr\/app\/wp-json\/wp\/v2\/types\/product"}],"replies":[{"embeddable":true,"href":"https:\/\/streetmarkets.fr\/app\/wp-json\/wp\/v2\/comments?post=709263"}],"wp:featuredmedia":[{"embeddable":true,"href":"https:\/\/streetmarkets.fr\/app\/wp-json\/wp\/v2\/media\/709264"}],"wp:attachment":[{"href":"https:\/\/streetmarkets.fr\/app\/wp-json\/wp\/v2\/media?parent=709263"}],"wp:term":[{"taxonomy":"product_brand","embeddable":true,"href":"https:\/\/streetmarkets.fr\/app\/wp-json\/wp\/v2\/product_brand?post=709263"},{"taxonomy":"product_cat","embeddable":true,"href":"https:\/\/streetmarkets.fr\/app\/wp-json\/wp\/v2\/product_cat?post=709263"},{"taxonomy":"product_tag","embeddable":true,"href":"https:\/\/streetmarkets.fr\/app\/wp-json\/wp\/v2\/product_tag?post=709263"}],"curies":[{"name":"wp","href":"https:\/\/api.w.org\/{rel}","templated":true}]}}