{"id":709218,"date":"2024-10-15T16:46:52","date_gmt":"2024-10-15T14:46:52","guid":{"rendered":"https:\/\/streetmarkets.fr\/app\/produit\/nouveau-top-satine-magnolia-pomandere\/"},"modified":"2025-02-17T01:03:14","modified_gmt":"2025-02-17T00:03:14","slug":"nouveau-top-satine-magnolia-pomandere","status":"publish","type":"product","link":"https:\/\/streetmarkets.fr\/app\/produit\/nouveau-top-satine-magnolia-pomandere\/","title":{"rendered":"POMAND\u00c8RE Top Satin\u00e9 Magnolia -30%"},"content":{"rendered":"<p class=\"\">Top satin\u00e9 fluide coupe droite et ample, fines bretelles, encolure V. Sur la photo il est pr\u00e9sent\u00e9 avec le gilet Magnolia. <\/p>\n<p class=\"\">D\u00e9tail : 100% viscose<\/p>\n","protected":false},"excerpt":{"rendered":"<p>Top satin\u00e9 fluide coupe droite et ample, fines bretelles, encolure V. Sur la photo il est pr\u00e9sent\u00e9 avec le gilet Magnolia. D\u00e9tail : 100% viscose<\/p>\n","protected":false},"featured_media":709219,"comment_status":"open","ping_status":"closed","template":"","meta":[],"product_brand":[],"product_cat":[1756,1762],"product_tag":[2244],"acf":[],"_links":{"self":[{"href":"https:\/\/streetmarkets.fr\/app\/wp-json\/wp\/v2\/product\/709218"}],"collection":[{"href":"https:\/\/streetmarkets.fr\/app\/wp-json\/wp\/v2\/product"}],"about":[{"href":"https:\/\/streetmarkets.fr\/app\/wp-json\/wp\/v2\/types\/product"}],"replies":[{"embeddable":true,"href":"https:\/\/streetmarkets.fr\/app\/wp-json\/wp\/v2\/comments?post=709218"}],"wp:featuredmedia":[{"embeddable":true,"href":"https:\/\/streetmarkets.fr\/app\/wp-json\/wp\/v2\/media\/709219"}],"wp:attachment":[{"href":"https:\/\/streetmarkets.fr\/app\/wp-json\/wp\/v2\/media?parent=709218"}],"wp:term":[{"taxonomy":"product_brand","embeddable":true,"href":"https:\/\/streetmarkets.fr\/app\/wp-json\/wp\/v2\/product_brand?post=709218"},{"taxonomy":"product_cat","embeddable":true,"href":"https:\/\/streetmarkets.fr\/app\/wp-json\/wp\/v2\/product_cat?post=709218"},{"taxonomy":"product_tag","embeddable":true,"href":"https:\/\/streetmarkets.fr\/app\/wp-json\/wp\/v2\/product_tag?post=709218"}],"curies":[{"name":"wp","href":"https:\/\/api.w.org\/{rel}","templated":true}]}}