{"id":709185,"date":"2024-10-15T16:46:49","date_gmt":"2024-10-15T14:46:49","guid":{"rendered":"https:\/\/streetmarkets.fr\/app\/produit\/nouveau-blouse-en-coton-et-soie-iris-pomandere\/"},"modified":"2026-03-18T01:00:37","modified_gmt":"2026-03-18T00:00:37","slug":"nouveau-blouse-en-coton-et-soie-iris-pomandere","status":"publish","type":"product","link":"https:\/\/streetmarkets.fr\/app\/produit\/nouveau-blouse-en-coton-et-soie-iris-pomandere\/","title":{"rendered":"POMAND\u00c8RE Blouse en coton et soie Iris -50%"},"content":{"rendered":"<p class=\"\">Blouse en coton et soie habutai, coupe ample, manches longues bouffantes et poignets resserr\u00e9s. Encolure arrondie boutonn\u00e9e et l\u00e9g\u00e8rement pliss\u00e9 aux \u00e9paules.  <\/p>\n<p class=\"\">D\u00e9tail : 83% coton, 17% soie habutai<\/p>\n","protected":false},"excerpt":{"rendered":"<p>Blouse en coton et soie habutai, coupe ample, manches longues bouffantes et poignets resserr\u00e9s. Encolure arrondie boutonn\u00e9e et l\u00e9g\u00e8rement pliss\u00e9 aux \u00e9paules. D\u00e9tail : 83% coton, 17% soie habutai<\/p>\n","protected":false},"featured_media":709186,"comment_status":"open","ping_status":"closed","template":"","meta":[],"product_brand":[],"product_cat":[1756,1762],"product_tag":[2244],"acf":[],"_links":{"self":[{"href":"https:\/\/streetmarkets.fr\/app\/wp-json\/wp\/v2\/product\/709185"}],"collection":[{"href":"https:\/\/streetmarkets.fr\/app\/wp-json\/wp\/v2\/product"}],"about":[{"href":"https:\/\/streetmarkets.fr\/app\/wp-json\/wp\/v2\/types\/product"}],"replies":[{"embeddable":true,"href":"https:\/\/streetmarkets.fr\/app\/wp-json\/wp\/v2\/comments?post=709185"}],"wp:featuredmedia":[{"embeddable":true,"href":"https:\/\/streetmarkets.fr\/app\/wp-json\/wp\/v2\/media\/709186"}],"wp:attachment":[{"href":"https:\/\/streetmarkets.fr\/app\/wp-json\/wp\/v2\/media?parent=709185"}],"wp:term":[{"taxonomy":"product_brand","embeddable":true,"href":"https:\/\/streetmarkets.fr\/app\/wp-json\/wp\/v2\/product_brand?post=709185"},{"taxonomy":"product_cat","embeddable":true,"href":"https:\/\/streetmarkets.fr\/app\/wp-json\/wp\/v2\/product_cat?post=709185"},{"taxonomy":"product_tag","embeddable":true,"href":"https:\/\/streetmarkets.fr\/app\/wp-json\/wp\/v2\/product_tag?post=709185"}],"curies":[{"name":"wp","href":"https:\/\/api.w.org\/{rel}","templated":true}]}}