{"id":709178,"date":"2024-10-15T16:46:48","date_gmt":"2024-10-15T14:46:48","guid":{"rendered":"https:\/\/streetmarkets.fr\/app\/produit\/nouveau-blouse-en-soie-et-coton-iris-pomandere\/"},"modified":"2025-09-17T02:00:58","modified_gmt":"2025-09-17T00:00:58","slug":"nouveau-blouse-en-soie-et-coton-iris-pomandere","status":"publish","type":"product","link":"https:\/\/streetmarkets.fr\/app\/produit\/nouveau-blouse-en-soie-et-coton-iris-pomandere\/","title":{"rendered":"POMAND\u00c8RE Blouse en soie et coton Iris -50%"},"content":{"rendered":"<p class=\"\">Blouse en coton et soie, coupe ample, manches longues et poignets resserr\u00e9s. Col chemise, encolure boutonn\u00e9e et petits pliss\u00e9s sur la ligne d\u2019\u00e9paule et le dos. <\/p>\n<p class=\"\">D\u00e9tail : 83% coton, 17% soie <\/p>\n","protected":false},"excerpt":{"rendered":"<p>Blouse en coton et soie, coupe ample, manches longues et poignets resserr\u00e9s. Col chemise, encolure boutonn\u00e9e et petits pliss\u00e9s sur la ligne d\u2019\u00e9paule et le dos. D\u00e9tail : 83% coton, 17% soie<\/p>\n","protected":false},"featured_media":709179,"comment_status":"open","ping_status":"closed","template":"","meta":[],"product_brand":[],"product_cat":[1756,1762],"product_tag":[2244],"acf":[],"_links":{"self":[{"href":"https:\/\/streetmarkets.fr\/app\/wp-json\/wp\/v2\/product\/709178"}],"collection":[{"href":"https:\/\/streetmarkets.fr\/app\/wp-json\/wp\/v2\/product"}],"about":[{"href":"https:\/\/streetmarkets.fr\/app\/wp-json\/wp\/v2\/types\/product"}],"replies":[{"embeddable":true,"href":"https:\/\/streetmarkets.fr\/app\/wp-json\/wp\/v2\/comments?post=709178"}],"wp:featuredmedia":[{"embeddable":true,"href":"https:\/\/streetmarkets.fr\/app\/wp-json\/wp\/v2\/media\/709179"}],"wp:attachment":[{"href":"https:\/\/streetmarkets.fr\/app\/wp-json\/wp\/v2\/media?parent=709178"}],"wp:term":[{"taxonomy":"product_brand","embeddable":true,"href":"https:\/\/streetmarkets.fr\/app\/wp-json\/wp\/v2\/product_brand?post=709178"},{"taxonomy":"product_cat","embeddable":true,"href":"https:\/\/streetmarkets.fr\/app\/wp-json\/wp\/v2\/product_cat?post=709178"},{"taxonomy":"product_tag","embeddable":true,"href":"https:\/\/streetmarkets.fr\/app\/wp-json\/wp\/v2\/product_tag?post=709178"}],"curies":[{"name":"wp","href":"https:\/\/api.w.org\/{rel}","templated":true}]}}