{"id":709162,"date":"2024-10-15T16:46:46","date_gmt":"2024-10-15T14:46:46","guid":{"rendered":"https:\/\/streetmarkets.fr\/app\/produit\/nouveau-gilet-cape-magnolia-pomandere\/"},"modified":"2025-02-17T01:03:12","modified_gmt":"2025-02-17T00:03:12","slug":"nouveau-gilet-cape-magnolia-pomandere","status":"publish","type":"product","link":"https:\/\/streetmarkets.fr\/app\/produit\/nouveau-gilet-cape-magnolia-pomandere\/","title":{"rendered":"POMAND\u00c8RE Gilet Cape Magnolia -30%"},"content":{"rendered":"<p>Gilet coupe ample, manches longues et emmanchure large. Tout doux et chaud. Le mod\u00e8le taille grand. Sur la photo il est pr\u00e9sent\u00e9 avec le top satin\u00e9 Magnolia.<\/p>\n<p>D\u00e9tail : 82% mohair, 16% polyester, 2% \u00e9lasthanne<\/p>\n","protected":false},"excerpt":{"rendered":"<p>Gilet coupe ample, manches longues et emmanchure large. Tout doux et chaud. Le mod\u00e8le taille grand. Sur la photo il est pr\u00e9sent\u00e9 avec le top satin\u00e9 Magnolia. D\u00e9tail : 82% mohair, 16% polyester, 2% \u00e9lasthanne<\/p>\n","protected":false},"featured_media":709163,"comment_status":"open","ping_status":"closed","template":"","meta":[],"product_brand":[],"product_cat":[1756,1762],"product_tag":[2244],"acf":[],"_links":{"self":[{"href":"https:\/\/streetmarkets.fr\/app\/wp-json\/wp\/v2\/product\/709162"}],"collection":[{"href":"https:\/\/streetmarkets.fr\/app\/wp-json\/wp\/v2\/product"}],"about":[{"href":"https:\/\/streetmarkets.fr\/app\/wp-json\/wp\/v2\/types\/product"}],"replies":[{"embeddable":true,"href":"https:\/\/streetmarkets.fr\/app\/wp-json\/wp\/v2\/comments?post=709162"}],"wp:featuredmedia":[{"embeddable":true,"href":"https:\/\/streetmarkets.fr\/app\/wp-json\/wp\/v2\/media\/709163"}],"wp:attachment":[{"href":"https:\/\/streetmarkets.fr\/app\/wp-json\/wp\/v2\/media?parent=709162"}],"wp:term":[{"taxonomy":"product_brand","embeddable":true,"href":"https:\/\/streetmarkets.fr\/app\/wp-json\/wp\/v2\/product_brand?post=709162"},{"taxonomy":"product_cat","embeddable":true,"href":"https:\/\/streetmarkets.fr\/app\/wp-json\/wp\/v2\/product_cat?post=709162"},{"taxonomy":"product_tag","embeddable":true,"href":"https:\/\/streetmarkets.fr\/app\/wp-json\/wp\/v2\/product_tag?post=709162"}],"curies":[{"name":"wp","href":"https:\/\/api.w.org\/{rel}","templated":true}]}}