{"id":709081,"date":"2024-10-15T16:46:38","date_gmt":"2024-10-15T14:46:38","guid":{"rendered":"https:\/\/streetmarkets.fr\/app\/produit\/nouveau-pantalon-marine-pomandere\/"},"modified":"2026-05-11T02:00:33","modified_gmt":"2026-05-11T00:00:33","slug":"nouveau-pantalon-marine-pomandere","status":"publish","type":"product","link":"https:\/\/streetmarkets.fr\/app\/produit\/nouveau-pantalon-marine-pomandere\/","title":{"rendered":"POMAND\u00c8RE Pantalon Marine -50%"},"content":{"rendered":"<p class=\"\">Pantalon en coton et laine, jambe droite l\u00e9g\u00e8rement flare, deux poches lat\u00e9rales et une poche plaqu\u00e9e dans le dos. <\/p>\n<p class=\"\">D\u00e9tail : 72% coton, 15% laine, 13% polyester <\/p>\n","protected":false},"excerpt":{"rendered":"<p>Pantalon en coton et laine, jambe droite l\u00e9g\u00e8rement flare, deux poches lat\u00e9rales et une poche plaqu\u00e9e dans le dos. D\u00e9tail : 72% coton, 15% laine, 13% polyester<\/p>\n","protected":false},"featured_media":709082,"comment_status":"open","ping_status":"closed","template":"","meta":[],"product_brand":[],"product_cat":[1756,1762],"product_tag":[2244],"acf":[],"_links":{"self":[{"href":"https:\/\/streetmarkets.fr\/app\/wp-json\/wp\/v2\/product\/709081"}],"collection":[{"href":"https:\/\/streetmarkets.fr\/app\/wp-json\/wp\/v2\/product"}],"about":[{"href":"https:\/\/streetmarkets.fr\/app\/wp-json\/wp\/v2\/types\/product"}],"replies":[{"embeddable":true,"href":"https:\/\/streetmarkets.fr\/app\/wp-json\/wp\/v2\/comments?post=709081"}],"wp:featuredmedia":[{"embeddable":true,"href":"https:\/\/streetmarkets.fr\/app\/wp-json\/wp\/v2\/media\/709082"}],"wp:attachment":[{"href":"https:\/\/streetmarkets.fr\/app\/wp-json\/wp\/v2\/media?parent=709081"}],"wp:term":[{"taxonomy":"product_brand","embeddable":true,"href":"https:\/\/streetmarkets.fr\/app\/wp-json\/wp\/v2\/product_brand?post=709081"},{"taxonomy":"product_cat","embeddable":true,"href":"https:\/\/streetmarkets.fr\/app\/wp-json\/wp\/v2\/product_cat?post=709081"},{"taxonomy":"product_tag","embeddable":true,"href":"https:\/\/streetmarkets.fr\/app\/wp-json\/wp\/v2\/product_tag?post=709081"}],"curies":[{"name":"wp","href":"https:\/\/api.w.org\/{rel}","templated":true}]}}