{"id":709069,"date":"2024-10-15T16:46:37","date_gmt":"2024-10-15T14:46:37","guid":{"rendered":"https:\/\/streetmarkets.fr\/app\/produit\/nouveau-veste-en-laine-ecru-pomandere\/"},"modified":"2025-09-17T02:00:56","modified_gmt":"2025-09-17T00:00:56","slug":"nouveau-veste-en-laine-ecru-pomandere","status":"publish","type":"product","link":"https:\/\/streetmarkets.fr\/app\/produit\/nouveau-veste-en-laine-ecru-pomandere\/","title":{"rendered":"POMAND\u00c8RE Veste en laine Ecru -30%"},"content":{"rendered":"<p class=\"\">Veste en laine coupe coupe ample, emmanchure large, manches longues, poignets resserr\u00e9s et deux poches lat\u00e9rales. Chaude et confortable. <\/p>\n<p class=\"\">D\u00e9tail : 70% laine, 30% polyamide <\/p>\n","protected":false},"excerpt":{"rendered":"<p>Veste en laine coupe coupe ample, emmanchure large, manches longues, poignets resserr\u00e9s et deux poches lat\u00e9rales. Chaude et confortable. D\u00e9tail : 70% laine, 30% polyamide<\/p>\n","protected":false},"featured_media":709070,"comment_status":"open","ping_status":"closed","template":"","meta":[],"product_brand":[],"product_cat":[1756,1762],"product_tag":[2244],"acf":[],"_links":{"self":[{"href":"https:\/\/streetmarkets.fr\/app\/wp-json\/wp\/v2\/product\/709069"}],"collection":[{"href":"https:\/\/streetmarkets.fr\/app\/wp-json\/wp\/v2\/product"}],"about":[{"href":"https:\/\/streetmarkets.fr\/app\/wp-json\/wp\/v2\/types\/product"}],"replies":[{"embeddable":true,"href":"https:\/\/streetmarkets.fr\/app\/wp-json\/wp\/v2\/comments?post=709069"}],"wp:featuredmedia":[{"embeddable":true,"href":"https:\/\/streetmarkets.fr\/app\/wp-json\/wp\/v2\/media\/709070"}],"wp:attachment":[{"href":"https:\/\/streetmarkets.fr\/app\/wp-json\/wp\/v2\/media?parent=709069"}],"wp:term":[{"taxonomy":"product_brand","embeddable":true,"href":"https:\/\/streetmarkets.fr\/app\/wp-json\/wp\/v2\/product_brand?post=709069"},{"taxonomy":"product_cat","embeddable":true,"href":"https:\/\/streetmarkets.fr\/app\/wp-json\/wp\/v2\/product_cat?post=709069"},{"taxonomy":"product_tag","embeddable":true,"href":"https:\/\/streetmarkets.fr\/app\/wp-json\/wp\/v2\/product_tag?post=709069"}],"curies":[{"name":"wp","href":"https:\/\/api.w.org\/{rel}","templated":true}]}}