{"id":709058,"date":"2024-10-15T16:46:09","date_gmt":"2024-10-15T14:46:09","guid":{"rendered":"https:\/\/streetmarkets.fr\/app\/produit\/nouveau-chemise-jordy-white-xirena\/"},"modified":"2025-06-04T02:05:38","modified_gmt":"2025-06-04T00:05:38","slug":"nouveau-chemise-jordy-white-xirena","status":"publish","type":"product","link":"https:\/\/streetmarkets.fr\/app\/produit\/nouveau-chemise-jordy-white-xirena\/","title":{"rendered":"Nouveau ! XIRENA Chemise Jordy White"},"content":{"rendered":"<p data-rte-preserve-empty=\"true\">Chemise en coton coupe ample, manches longues et poignets resserr\u00e9s, une poche plaqu\u00e9e devant, douce et agr\u00e9able. \u00c9galement disponible dans la couleur Purple Storm. <\/p>\n<p data-rte-preserve-empty=\"true\">La chemise Jordy est une coupe plus ample et plus courte que la Beau.<\/p>\n<p data-rte-preserve-empty=\"true\">\n<p data-rte-preserve-empty=\"true\"><span>D\u00e9tail : 100% coton<\/span><\/p>\n","protected":false},"excerpt":{"rendered":"<p>Chemise en coton coupe ample, manches longues et poignets resserr\u00e9s, une poche plaqu\u00e9e devant, douce et agr\u00e9able. \u00c9galement disponible dans la couleur Purple Storm. La chemise Jordy est une coupe plus ample et plus courte que la Beau. D\u00e9tail : 100% coton<\/p>\n","protected":false},"featured_media":709059,"comment_status":"open","ping_status":"closed","template":"","meta":[],"product_brand":[],"product_cat":[1756,1762],"product_tag":[2244],"acf":[],"_links":{"self":[{"href":"https:\/\/streetmarkets.fr\/app\/wp-json\/wp\/v2\/product\/709058"}],"collection":[{"href":"https:\/\/streetmarkets.fr\/app\/wp-json\/wp\/v2\/product"}],"about":[{"href":"https:\/\/streetmarkets.fr\/app\/wp-json\/wp\/v2\/types\/product"}],"replies":[{"embeddable":true,"href":"https:\/\/streetmarkets.fr\/app\/wp-json\/wp\/v2\/comments?post=709058"}],"wp:featuredmedia":[{"embeddable":true,"href":"https:\/\/streetmarkets.fr\/app\/wp-json\/wp\/v2\/media\/709059"}],"wp:attachment":[{"href":"https:\/\/streetmarkets.fr\/app\/wp-json\/wp\/v2\/media?parent=709058"}],"wp:term":[{"taxonomy":"product_brand","embeddable":true,"href":"https:\/\/streetmarkets.fr\/app\/wp-json\/wp\/v2\/product_brand?post=709058"},{"taxonomy":"product_cat","embeddable":true,"href":"https:\/\/streetmarkets.fr\/app\/wp-json\/wp\/v2\/product_cat?post=709058"},{"taxonomy":"product_tag","embeddable":true,"href":"https:\/\/streetmarkets.fr\/app\/wp-json\/wp\/v2\/product_tag?post=709058"}],"curies":[{"name":"wp","href":"https:\/\/api.w.org\/{rel}","templated":true}]}}