{"id":709050,"date":"2024-10-15T16:46:08","date_gmt":"2024-10-15T14:46:08","guid":{"rendered":"https:\/\/streetmarkets.fr\/app\/produit\/nouveau-chemise-jordy-purple-storm-xirena\/"},"modified":"2025-02-12T01:03:04","modified_gmt":"2025-02-12T00:03:04","slug":"nouveau-chemise-jordy-purple-storm-xirena","status":"publish","type":"product","link":"https:\/\/streetmarkets.fr\/app\/produit\/nouveau-chemise-jordy-purple-storm-xirena\/","title":{"rendered":"Nouveau ! XIRENA Chemise Jordy Purple Storm -40%"},"content":{"rendered":"<p data-rte-preserve-empty=\"true\">Chemise en coton coupe ample, manches longues et poignets resserr\u00e9s, emmanchure large, douce et agr\u00e9able. \u00c9galement disponible dans la couleur White.<\/p>\n<p data-rte-preserve-empty=\"true\">\n<p data-rte-preserve-empty=\"true\"><span>D\u00e9tail : 100% coton<\/span><\/p>\n","protected":false},"excerpt":{"rendered":"<p>Chemise en coton coupe ample, manches longues et poignets resserr\u00e9s, emmanchure large, douce et agr\u00e9able. \u00c9galement disponible dans la couleur White. D\u00e9tail : 100% coton<\/p>\n","protected":false},"featured_media":709051,"comment_status":"open","ping_status":"closed","template":"","meta":[],"product_brand":[],"product_cat":[1756,1762],"product_tag":[2244],"acf":[],"_links":{"self":[{"href":"https:\/\/streetmarkets.fr\/app\/wp-json\/wp\/v2\/product\/709050"}],"collection":[{"href":"https:\/\/streetmarkets.fr\/app\/wp-json\/wp\/v2\/product"}],"about":[{"href":"https:\/\/streetmarkets.fr\/app\/wp-json\/wp\/v2\/types\/product"}],"replies":[{"embeddable":true,"href":"https:\/\/streetmarkets.fr\/app\/wp-json\/wp\/v2\/comments?post=709050"}],"wp:featuredmedia":[{"embeddable":true,"href":"https:\/\/streetmarkets.fr\/app\/wp-json\/wp\/v2\/media\/709051"}],"wp:attachment":[{"href":"https:\/\/streetmarkets.fr\/app\/wp-json\/wp\/v2\/media?parent=709050"}],"wp:term":[{"taxonomy":"product_brand","embeddable":true,"href":"https:\/\/streetmarkets.fr\/app\/wp-json\/wp\/v2\/product_brand?post=709050"},{"taxonomy":"product_cat","embeddable":true,"href":"https:\/\/streetmarkets.fr\/app\/wp-json\/wp\/v2\/product_cat?post=709050"},{"taxonomy":"product_tag","embeddable":true,"href":"https:\/\/streetmarkets.fr\/app\/wp-json\/wp\/v2\/product_tag?post=709050"}],"curies":[{"name":"wp","href":"https:\/\/api.w.org\/{rel}","templated":true}]}}