{"id":709040,"date":"2024-10-15T16:46:07","date_gmt":"2024-10-15T14:46:07","guid":{"rendered":"https:\/\/streetmarkets.fr\/app\/produit\/nouveau-chemise-sydney-violet-white-stripe-xirena\/"},"modified":"2025-02-12T01:03:04","modified_gmt":"2025-02-12T00:03:04","slug":"nouveau-chemise-sydney-violet-white-stripe-xirena","status":"publish","type":"product","link":"https:\/\/streetmarkets.fr\/app\/produit\/nouveau-chemise-sydney-violet-white-stripe-xirena\/","title":{"rendered":"Nouveau ! XIRENA Chemise Sydney Violet White Stripe -40%"},"content":{"rendered":"<p data-rte-preserve-empty=\"true\">Chemise coupe ample \u00e0 fines rayures, manches longues et poignets resserr\u00e9s, emmanchure large, douce et agr\u00e9able.<\/p>\n<p data-rte-preserve-empty=\"true\">La chemise Sydney est plus ample et un peu plus longue que la Beau. Le mod\u00e8le taille grand. <\/p>\n<p data-rte-preserve-empty=\"true\">\n<p data-rte-preserve-empty=\"true\"><span>D\u00e9tail : 100% coton<\/span><\/p>\n","protected":false},"excerpt":{"rendered":"<p>Chemise coupe ample \u00e0 fines rayures, manches longues et poignets resserr\u00e9s, emmanchure large, douce et agr\u00e9able. La chemise Sydney est plus ample et un peu plus longue que la Beau. Le mod\u00e8le taille grand. D\u00e9tail : 100% coton<\/p>\n","protected":false},"featured_media":709041,"comment_status":"open","ping_status":"closed","template":"","meta":[],"product_brand":[],"product_cat":[1756,1762],"product_tag":[2244],"acf":[],"_links":{"self":[{"href":"https:\/\/streetmarkets.fr\/app\/wp-json\/wp\/v2\/product\/709040"}],"collection":[{"href":"https:\/\/streetmarkets.fr\/app\/wp-json\/wp\/v2\/product"}],"about":[{"href":"https:\/\/streetmarkets.fr\/app\/wp-json\/wp\/v2\/types\/product"}],"replies":[{"embeddable":true,"href":"https:\/\/streetmarkets.fr\/app\/wp-json\/wp\/v2\/comments?post=709040"}],"wp:featuredmedia":[{"embeddable":true,"href":"https:\/\/streetmarkets.fr\/app\/wp-json\/wp\/v2\/media\/709041"}],"wp:attachment":[{"href":"https:\/\/streetmarkets.fr\/app\/wp-json\/wp\/v2\/media?parent=709040"}],"wp:term":[{"taxonomy":"product_brand","embeddable":true,"href":"https:\/\/streetmarkets.fr\/app\/wp-json\/wp\/v2\/product_brand?post=709040"},{"taxonomy":"product_cat","embeddable":true,"href":"https:\/\/streetmarkets.fr\/app\/wp-json\/wp\/v2\/product_cat?post=709040"},{"taxonomy":"product_tag","embeddable":true,"href":"https:\/\/streetmarkets.fr\/app\/wp-json\/wp\/v2\/product_tag?post=709040"}],"curies":[{"name":"wp","href":"https:\/\/api.w.org\/{rel}","templated":true}]}}