{"id":709022,"date":"2024-10-15T16:46:06","date_gmt":"2024-10-15T14:46:06","guid":{"rendered":"https:\/\/streetmarkets.fr\/app\/produit\/nouveau-robe-lula-heather-grey-xirena\/"},"modified":"2026-05-06T02:01:16","modified_gmt":"2026-05-06T00:01:16","slug":"nouveau-robe-lula-heather-grey-xirena","status":"publish","type":"product","link":"https:\/\/streetmarkets.fr\/app\/produit\/nouveau-robe-lula-heather-grey-xirena\/","title":{"rendered":"Nouveau ! XIRENA Robe Lula Heather Grey -50%"},"content":{"rendered":"<p data-rte-preserve-empty=\"true\">Robe courte en coton, manches longues, encolure arrondie, taille l\u00e9g\u00e8rement pliss\u00e9e. Douce et confortable.<\/p>\n<p data-rte-preserve-empty=\"true\">\n<p data-rte-preserve-empty=\"true\">D\u00e9tail : 100% coton<\/p>\n","protected":false},"excerpt":{"rendered":"<p>Robe courte en coton, manches longues, encolure arrondie, taille l\u00e9g\u00e8rement pliss\u00e9e. Douce et confortable. D\u00e9tail : 100% coton<\/p>\n","protected":false},"featured_media":709023,"comment_status":"open","ping_status":"closed","template":"","meta":[],"product_brand":[],"product_cat":[1756,1762],"product_tag":[2244],"acf":[],"_links":{"self":[{"href":"https:\/\/streetmarkets.fr\/app\/wp-json\/wp\/v2\/product\/709022"}],"collection":[{"href":"https:\/\/streetmarkets.fr\/app\/wp-json\/wp\/v2\/product"}],"about":[{"href":"https:\/\/streetmarkets.fr\/app\/wp-json\/wp\/v2\/types\/product"}],"replies":[{"embeddable":true,"href":"https:\/\/streetmarkets.fr\/app\/wp-json\/wp\/v2\/comments?post=709022"}],"wp:featuredmedia":[{"embeddable":true,"href":"https:\/\/streetmarkets.fr\/app\/wp-json\/wp\/v2\/media\/709023"}],"wp:attachment":[{"href":"https:\/\/streetmarkets.fr\/app\/wp-json\/wp\/v2\/media?parent=709022"}],"wp:term":[{"taxonomy":"product_brand","embeddable":true,"href":"https:\/\/streetmarkets.fr\/app\/wp-json\/wp\/v2\/product_brand?post=709022"},{"taxonomy":"product_cat","embeddable":true,"href":"https:\/\/streetmarkets.fr\/app\/wp-json\/wp\/v2\/product_cat?post=709022"},{"taxonomy":"product_tag","embeddable":true,"href":"https:\/\/streetmarkets.fr\/app\/wp-json\/wp\/v2\/product_tag?post=709022"}],"curies":[{"name":"wp","href":"https:\/\/api.w.org\/{rel}","templated":true}]}}