{"id":709014,"date":"2024-10-15T16:46:05","date_gmt":"2024-10-15T14:46:05","guid":{"rendered":"https:\/\/streetmarkets.fr\/app\/produit\/nouveau-pantalon-emmette-heather-grey-xirena\/"},"modified":"2025-02-12T01:03:04","modified_gmt":"2025-02-12T00:03:04","slug":"nouveau-pantalon-emmette-heather-grey-xirena","status":"publish","type":"product","link":"https:\/\/streetmarkets.fr\/app\/produit\/nouveau-pantalon-emmette-heather-grey-xirena\/","title":{"rendered":"Nouveau ! XIRENA Pantalon Emmette Heather Grey -50%"},"content":{"rendered":"<p class=\"\" data-rte-preserve-empty=\"true\">Pantalon en moleton coton coupe flare, taille \u00e9lastique, deux poches lat\u00e9rales. Tout doux et confortable.<\/p>\n<p class=\"\" data-rte-preserve-empty=\"true\">D\u00e9tail : 100% coton<\/p>\n","protected":false},"excerpt":{"rendered":"<p>Pantalon en moleton coton coupe flare, taille \u00e9lastique, deux poches lat\u00e9rales. Tout doux et confortable. D\u00e9tail : 100% coton<\/p>\n","protected":false},"featured_media":709015,"comment_status":"open","ping_status":"closed","template":"","meta":[],"product_brand":[],"product_cat":[1756,1762],"product_tag":[2244],"acf":[],"_links":{"self":[{"href":"https:\/\/streetmarkets.fr\/app\/wp-json\/wp\/v2\/product\/709014"}],"collection":[{"href":"https:\/\/streetmarkets.fr\/app\/wp-json\/wp\/v2\/product"}],"about":[{"href":"https:\/\/streetmarkets.fr\/app\/wp-json\/wp\/v2\/types\/product"}],"replies":[{"embeddable":true,"href":"https:\/\/streetmarkets.fr\/app\/wp-json\/wp\/v2\/comments?post=709014"}],"wp:featuredmedia":[{"embeddable":true,"href":"https:\/\/streetmarkets.fr\/app\/wp-json\/wp\/v2\/media\/709015"}],"wp:attachment":[{"href":"https:\/\/streetmarkets.fr\/app\/wp-json\/wp\/v2\/media?parent=709014"}],"wp:term":[{"taxonomy":"product_brand","embeddable":true,"href":"https:\/\/streetmarkets.fr\/app\/wp-json\/wp\/v2\/product_brand?post=709014"},{"taxonomy":"product_cat","embeddable":true,"href":"https:\/\/streetmarkets.fr\/app\/wp-json\/wp\/v2\/product_cat?post=709014"},{"taxonomy":"product_tag","embeddable":true,"href":"https:\/\/streetmarkets.fr\/app\/wp-json\/wp\/v2\/product_tag?post=709014"}],"curies":[{"name":"wp","href":"https:\/\/api.w.org\/{rel}","templated":true}]}}