{"id":708969,"date":"2024-10-15T16:46:01","date_gmt":"2024-10-15T14:46:01","guid":{"rendered":"https:\/\/streetmarkets.fr\/app\/produit\/nouveau-chemise-beau-chambray-blue-rinse-xirena\/"},"modified":"2025-01-29T01:03:15","modified_gmt":"2025-01-29T00:03:15","slug":"nouveau-chemise-beau-chambray-blue-rinse-xirena","status":"publish","type":"product","link":"https:\/\/streetmarkets.fr\/app\/produit\/nouveau-chemise-beau-chambray-blue-rinse-xirena\/","title":{"rendered":"Nouveau ! XIRENA Chemise Beau Chambray Blue Rinse -30%"},"content":{"rendered":"<p class=\"\" data-rte-preserve-empty=\"true\"><span>Chemise en coton denim souple, coupe ample et droite,  manches longues et poignets resserr\u00e9s, douce et agr\u00e9able.<\/span><\/p>\n<p class=\"\" data-rte-preserve-empty=\"true\">\n<p class=\"\" data-rte-preserve-empty=\"true\"><span>D\u00e9tail : 100% coton<\/span><\/p>\n","protected":false},"excerpt":{"rendered":"<p>Chemise en coton denim souple, coupe ample et droite, manches longues et poignets resserr\u00e9s, douce et agr\u00e9able. D\u00e9tail : 100% coton<\/p>\n","protected":false},"featured_media":708970,"comment_status":"open","ping_status":"closed","template":"","meta":[],"product_brand":[],"product_cat":[1756,1762],"product_tag":[2244],"acf":[],"_links":{"self":[{"href":"https:\/\/streetmarkets.fr\/app\/wp-json\/wp\/v2\/product\/708969"}],"collection":[{"href":"https:\/\/streetmarkets.fr\/app\/wp-json\/wp\/v2\/product"}],"about":[{"href":"https:\/\/streetmarkets.fr\/app\/wp-json\/wp\/v2\/types\/product"}],"replies":[{"embeddable":true,"href":"https:\/\/streetmarkets.fr\/app\/wp-json\/wp\/v2\/comments?post=708969"}],"wp:featuredmedia":[{"embeddable":true,"href":"https:\/\/streetmarkets.fr\/app\/wp-json\/wp\/v2\/media\/708970"}],"wp:attachment":[{"href":"https:\/\/streetmarkets.fr\/app\/wp-json\/wp\/v2\/media?parent=708969"}],"wp:term":[{"taxonomy":"product_brand","embeddable":true,"href":"https:\/\/streetmarkets.fr\/app\/wp-json\/wp\/v2\/product_brand?post=708969"},{"taxonomy":"product_cat","embeddable":true,"href":"https:\/\/streetmarkets.fr\/app\/wp-json\/wp\/v2\/product_cat?post=708969"},{"taxonomy":"product_tag","embeddable":true,"href":"https:\/\/streetmarkets.fr\/app\/wp-json\/wp\/v2\/product_tag?post=708969"}],"curies":[{"name":"wp","href":"https:\/\/api.w.org\/{rel}","templated":true}]}}