{"id":708937,"date":"2024-10-15T16:45:59","date_gmt":"2024-10-15T14:45:59","guid":{"rendered":"https:\/\/streetmarkets.fr\/app\/produit\/pantalon-jogg-lebow-ultraviolet-american-vintage-50\/"},"modified":"2025-10-08T02:04:54","modified_gmt":"2025-10-08T00:04:54","slug":"pantalon-jogg-lebow-ultraviolet-american-vintage-50","status":"publish","type":"product","link":"https:\/\/streetmarkets.fr\/app\/produit\/pantalon-jogg-lebow-ultraviolet-american-vintage-50\/","title":{"rendered":"AMERICAN VINTAGE Pantalon Jogg Lebow Ultraviolet"},"content":{"rendered":"<p class=\"\">Pantalon jogg fluide et cocooning, coupe flare, taille \u00e0 resserrer avec un lien. Deux poches lat\u00e9rales. \u00c0 coordonner avec le sweat Lebow. <\/p>\n<p class=\"\">D\u00e9tail : 50% coton, 50% polyester<\/p>\n","protected":false},"excerpt":{"rendered":"<p>Pantalon jogg fluide et cocooning, coupe flare, taille \u00e0 resserrer avec un lien. Deux poches lat\u00e9rales. \u00c0 coordonner avec le sweat Lebow. D\u00e9tail : 50% coton, 50% polyester<\/p>\n","protected":false},"featured_media":708938,"comment_status":"open","ping_status":"closed","template":"","meta":[],"product_brand":[7130],"product_cat":[1756,1762],"product_tag":[2244],"acf":[],"_links":{"self":[{"href":"https:\/\/streetmarkets.fr\/app\/wp-json\/wp\/v2\/product\/708937"}],"collection":[{"href":"https:\/\/streetmarkets.fr\/app\/wp-json\/wp\/v2\/product"}],"about":[{"href":"https:\/\/streetmarkets.fr\/app\/wp-json\/wp\/v2\/types\/product"}],"replies":[{"embeddable":true,"href":"https:\/\/streetmarkets.fr\/app\/wp-json\/wp\/v2\/comments?post=708937"}],"wp:featuredmedia":[{"embeddable":true,"href":"https:\/\/streetmarkets.fr\/app\/wp-json\/wp\/v2\/media\/708938"}],"wp:attachment":[{"href":"https:\/\/streetmarkets.fr\/app\/wp-json\/wp\/v2\/media?parent=708937"}],"wp:term":[{"taxonomy":"product_brand","embeddable":true,"href":"https:\/\/streetmarkets.fr\/app\/wp-json\/wp\/v2\/product_brand?post=708937"},{"taxonomy":"product_cat","embeddable":true,"href":"https:\/\/streetmarkets.fr\/app\/wp-json\/wp\/v2\/product_cat?post=708937"},{"taxonomy":"product_tag","embeddable":true,"href":"https:\/\/streetmarkets.fr\/app\/wp-json\/wp\/v2\/product_tag?post=708937"}],"curies":[{"name":"wp","href":"https:\/\/api.w.org\/{rel}","templated":true}]}}