{"id":708855,"date":"2024-10-15T16:45:53","date_gmt":"2024-10-15T14:45:53","guid":{"rendered":"https:\/\/streetmarkets.fr\/app\/produit\/chemise-padow-vintage-carbone-american-vintage\/"},"modified":"2024-10-30T01:03:46","modified_gmt":"2024-10-30T00:03:46","slug":"chemise-padow-vintage-carbone-american-vintage","status":"publish","type":"product","link":"https:\/\/streetmarkets.fr\/app\/produit\/chemise-padow-vintage-carbone-american-vintage\/","title":{"rendered":"Chemise Padow Vintage Carbone AMERICAN VINTAGE"},"content":{"rendered":"<p class=\"\">Surchemise en velours c\u00f4tel\u00e9 coupe ample, col classique, manches longues, emmanchure large et poignets resserr\u00e9s. <\/p>\n<p class=\"\">D\u00e9tail : 100% coton<\/p>\n","protected":false},"excerpt":{"rendered":"<p>Surchemise en velours c\u00f4tel\u00e9 coupe ample, col classique, manches longues, emmanchure large et poignets resserr\u00e9s. D\u00e9tail : 100% coton<\/p>\n","protected":false},"featured_media":708856,"comment_status":"open","ping_status":"closed","template":"","meta":[],"product_brand":[7130],"product_cat":[1756,1762],"product_tag":[2244],"acf":[],"_links":{"self":[{"href":"https:\/\/streetmarkets.fr\/app\/wp-json\/wp\/v2\/product\/708855"}],"collection":[{"href":"https:\/\/streetmarkets.fr\/app\/wp-json\/wp\/v2\/product"}],"about":[{"href":"https:\/\/streetmarkets.fr\/app\/wp-json\/wp\/v2\/types\/product"}],"replies":[{"embeddable":true,"href":"https:\/\/streetmarkets.fr\/app\/wp-json\/wp\/v2\/comments?post=708855"}],"wp:featuredmedia":[{"embeddable":true,"href":"https:\/\/streetmarkets.fr\/app\/wp-json\/wp\/v2\/media\/708856"}],"wp:attachment":[{"href":"https:\/\/streetmarkets.fr\/app\/wp-json\/wp\/v2\/media?parent=708855"}],"wp:term":[{"taxonomy":"product_brand","embeddable":true,"href":"https:\/\/streetmarkets.fr\/app\/wp-json\/wp\/v2\/product_brand?post=708855"},{"taxonomy":"product_cat","embeddable":true,"href":"https:\/\/streetmarkets.fr\/app\/wp-json\/wp\/v2\/product_cat?post=708855"},{"taxonomy":"product_tag","embeddable":true,"href":"https:\/\/streetmarkets.fr\/app\/wp-json\/wp\/v2\/product_tag?post=708855"}],"curies":[{"name":"wp","href":"https:\/\/api.w.org\/{rel}","templated":true}]}}