{"id":708849,"date":"2024-10-15T16:45:52","date_gmt":"2024-10-15T14:45:52","guid":{"rendered":"https:\/\/streetmarkets.fr\/app\/produit\/sweat-izubird-dragee-vintage-american-vintage-2\/"},"modified":"2025-10-08T02:04:52","modified_gmt":"2025-10-08T00:04:52","slug":"sweat-izubird-dragee-vintage-american-vintage-2","status":"publish","type":"product","link":"https:\/\/streetmarkets.fr\/app\/produit\/sweat-izubird-dragee-vintage-american-vintage-2\/","title":{"rendered":"Nouveau ! AMERICAN VINTAGE Sweat Izubird Drag\u00e9e Vintage"},"content":{"rendered":"<p class=\"\">Sweat en coton coupe ample, manches longues et emmanchure large, encolure arrondie, poignets resserr\u00e9s. \u00c9galement disponible en mauve.<\/p>\n<p class=\"\">D\u00e9tail : 98% coton, 2% elastane<\/p>\n","protected":false},"excerpt":{"rendered":"<p>Sweat en coton coupe ample, manches longues et emmanchure large, encolure arrondie, poignets resserr\u00e9s. \u00c9galement disponible en mauve. D\u00e9tail : 98% coton, 2% elastane<\/p>\n","protected":false},"featured_media":708850,"comment_status":"open","ping_status":"closed","template":"","meta":[],"product_brand":[7130],"product_cat":[1756,1762],"product_tag":[2244],"acf":[],"_links":{"self":[{"href":"https:\/\/streetmarkets.fr\/app\/wp-json\/wp\/v2\/product\/708849"}],"collection":[{"href":"https:\/\/streetmarkets.fr\/app\/wp-json\/wp\/v2\/product"}],"about":[{"href":"https:\/\/streetmarkets.fr\/app\/wp-json\/wp\/v2\/types\/product"}],"replies":[{"embeddable":true,"href":"https:\/\/streetmarkets.fr\/app\/wp-json\/wp\/v2\/comments?post=708849"}],"wp:featuredmedia":[{"embeddable":true,"href":"https:\/\/streetmarkets.fr\/app\/wp-json\/wp\/v2\/media\/708850"}],"wp:attachment":[{"href":"https:\/\/streetmarkets.fr\/app\/wp-json\/wp\/v2\/media?parent=708849"}],"wp:term":[{"taxonomy":"product_brand","embeddable":true,"href":"https:\/\/streetmarkets.fr\/app\/wp-json\/wp\/v2\/product_brand?post=708849"},{"taxonomy":"product_cat","embeddable":true,"href":"https:\/\/streetmarkets.fr\/app\/wp-json\/wp\/v2\/product_cat?post=708849"},{"taxonomy":"product_tag","embeddable":true,"href":"https:\/\/streetmarkets.fr\/app\/wp-json\/wp\/v2\/product_tag?post=708849"}],"curies":[{"name":"wp","href":"https:\/\/api.w.org\/{rel}","templated":true}]}}