{"id":708844,"date":"2024-10-15T16:45:52","date_gmt":"2024-10-15T14:45:52","guid":{"rendered":"https:\/\/streetmarkets.fr\/app\/produit\/sweat-ypawood-fruit-des-bois-american-vintage\/"},"modified":"2025-10-08T02:04:52","modified_gmt":"2025-10-08T00:04:52","slug":"sweat-ypawood-fruit-des-bois-american-vintage","status":"publish","type":"product","link":"https:\/\/streetmarkets.fr\/app\/produit\/sweat-ypawood-fruit-des-bois-american-vintage\/","title":{"rendered":"Nouveau ! AMERICAN VINTAGE Sweat Ypawood Fruit des Bois"},"content":{"rendered":"<p class=\"\">Sweat \u00e0 capuche zipp\u00e9, coupe ample, manches longues, emmanchure large, poignets resserr\u00e9s. Tout doux et cocooning. <\/p>\n<p class=\"\">D\u00e9tail : 48% coton, 48% modal, 4% \u00e9lasthanne<\/p>\n","protected":false},"excerpt":{"rendered":"<p>Sweat \u00e0 capuche zipp\u00e9, coupe ample, manches longues, emmanchure large, poignets resserr\u00e9s. Tout doux et cocooning. D\u00e9tail : 48% coton, 48% modal, 4% \u00e9lasthanne<\/p>\n","protected":false},"featured_media":708845,"comment_status":"open","ping_status":"closed","template":"","meta":[],"product_brand":[7130],"product_cat":[1756,1762],"product_tag":[2244],"acf":[],"_links":{"self":[{"href":"https:\/\/streetmarkets.fr\/app\/wp-json\/wp\/v2\/product\/708844"}],"collection":[{"href":"https:\/\/streetmarkets.fr\/app\/wp-json\/wp\/v2\/product"}],"about":[{"href":"https:\/\/streetmarkets.fr\/app\/wp-json\/wp\/v2\/types\/product"}],"replies":[{"embeddable":true,"href":"https:\/\/streetmarkets.fr\/app\/wp-json\/wp\/v2\/comments?post=708844"}],"wp:featuredmedia":[{"embeddable":true,"href":"https:\/\/streetmarkets.fr\/app\/wp-json\/wp\/v2\/media\/708845"}],"wp:attachment":[{"href":"https:\/\/streetmarkets.fr\/app\/wp-json\/wp\/v2\/media?parent=708844"}],"wp:term":[{"taxonomy":"product_brand","embeddable":true,"href":"https:\/\/streetmarkets.fr\/app\/wp-json\/wp\/v2\/product_brand?post=708844"},{"taxonomy":"product_cat","embeddable":true,"href":"https:\/\/streetmarkets.fr\/app\/wp-json\/wp\/v2\/product_cat?post=708844"},{"taxonomy":"product_tag","embeddable":true,"href":"https:\/\/streetmarkets.fr\/app\/wp-json\/wp\/v2\/product_tag?post=708844"}],"curies":[{"name":"wp","href":"https:\/\/api.w.org\/{rel}","templated":true}]}}