{"id":708839,"date":"2024-10-15T16:45:51","date_gmt":"2024-10-15T14:45:51","guid":{"rendered":"https:\/\/streetmarkets.fr\/app\/produit\/sweat-izubird-dragee-vintage-american-vintage\/"},"modified":"2025-10-08T02:04:51","modified_gmt":"2025-10-08T00:04:51","slug":"sweat-izubird-dragee-vintage-american-vintage","status":"publish","type":"product","link":"https:\/\/streetmarkets.fr\/app\/produit\/sweat-izubird-dragee-vintage-american-vintage\/","title":{"rendered":"Nouveau ! AMERICAN VINTAGE Sweat Izubird Drag\u00e9e Vintage"},"content":{"rendered":"<p class=\"\">Sweat en coton \u00e0 capuche zipp\u00e9, coupe ample, manches longues, emmanchure large et poignets resserr\u00e9s. Cool et cocooning. \u00c0 porter avec le jogging Izubird. \u00c9galement disponible dans d\u2019autres coloris.<\/p>\n<p class=\"\">D\u00e9tail : 98% coton, 2% \u00e9lasthanne<\/p>\n","protected":false},"excerpt":{"rendered":"<p>Sweat en coton \u00e0 capuche zipp\u00e9, coupe ample, manches longues, emmanchure large et poignets resserr\u00e9s. Cool et cocooning. \u00c0 porter avec le jogging Izubird. \u00c9galement disponible dans d\u2019autres coloris. D\u00e9tail : 98% coton, 2% \u00e9lasthanne<\/p>\n","protected":false},"featured_media":708840,"comment_status":"open","ping_status":"closed","template":"","meta":[],"product_brand":[7130],"product_cat":[1756,1762],"product_tag":[2244],"acf":[],"_links":{"self":[{"href":"https:\/\/streetmarkets.fr\/app\/wp-json\/wp\/v2\/product\/708839"}],"collection":[{"href":"https:\/\/streetmarkets.fr\/app\/wp-json\/wp\/v2\/product"}],"about":[{"href":"https:\/\/streetmarkets.fr\/app\/wp-json\/wp\/v2\/types\/product"}],"replies":[{"embeddable":true,"href":"https:\/\/streetmarkets.fr\/app\/wp-json\/wp\/v2\/comments?post=708839"}],"wp:featuredmedia":[{"embeddable":true,"href":"https:\/\/streetmarkets.fr\/app\/wp-json\/wp\/v2\/media\/708840"}],"wp:attachment":[{"href":"https:\/\/streetmarkets.fr\/app\/wp-json\/wp\/v2\/media?parent=708839"}],"wp:term":[{"taxonomy":"product_brand","embeddable":true,"href":"https:\/\/streetmarkets.fr\/app\/wp-json\/wp\/v2\/product_brand?post=708839"},{"taxonomy":"product_cat","embeddable":true,"href":"https:\/\/streetmarkets.fr\/app\/wp-json\/wp\/v2\/product_cat?post=708839"},{"taxonomy":"product_tag","embeddable":true,"href":"https:\/\/streetmarkets.fr\/app\/wp-json\/wp\/v2\/product_tag?post=708839"}],"curies":[{"name":"wp","href":"https:\/\/api.w.org\/{rel}","templated":true}]}}