{"id":708827,"date":"2024-10-15T16:45:50","date_gmt":"2024-10-15T14:45:50","guid":{"rendered":"https:\/\/streetmarkets.fr\/app\/produit\/gilet-vitow-gris-clair-chine-american-vintage-30\/"},"modified":"2025-10-08T02:04:51","modified_gmt":"2025-10-08T00:04:51","slug":"gilet-vitow-gris-clair-chine-american-vintage-30","status":"publish","type":"product","link":"https:\/\/streetmarkets.fr\/app\/produit\/gilet-vitow-gris-clair-chine-american-vintage-30\/","title":{"rendered":"AMERICAN VINTAGE Gilet Vitow Gris Clair Chin\u00e9 AMERICAN VINTAGE"},"content":{"rendered":"<p class=\"\">Le gilet culte d\u2019American Vintage, gilet boutonn\u00e9 coupe ample, manches longues et poignets resserr\u00e9s, emmanchure large, encolure arrondie. \u00c9galement disponible dans d\u2019autres coloris..<\/p>\n<p class=\"\">D\u00e9tail : 34% alpaga, 34% laine, 29% polyamide, 3% \u00e9lasthanne<\/p>\n","protected":false},"excerpt":{"rendered":"<p>Le gilet culte d\u2019American Vintage, gilet boutonn\u00e9 coupe ample, manches longues et poignets resserr\u00e9s, emmanchure large, encolure arrondie. \u00c9galement disponible dans d\u2019autres coloris.. D\u00e9tail : 34% alpaga, 34% laine, 29% polyamide, 3% \u00e9lasthanne<\/p>\n","protected":false},"featured_media":708828,"comment_status":"open","ping_status":"closed","template":"","meta":[],"product_brand":[7130],"product_cat":[1756,1762],"product_tag":[2244],"acf":[],"_links":{"self":[{"href":"https:\/\/streetmarkets.fr\/app\/wp-json\/wp\/v2\/product\/708827"}],"collection":[{"href":"https:\/\/streetmarkets.fr\/app\/wp-json\/wp\/v2\/product"}],"about":[{"href":"https:\/\/streetmarkets.fr\/app\/wp-json\/wp\/v2\/types\/product"}],"replies":[{"embeddable":true,"href":"https:\/\/streetmarkets.fr\/app\/wp-json\/wp\/v2\/comments?post=708827"}],"wp:featuredmedia":[{"embeddable":true,"href":"https:\/\/streetmarkets.fr\/app\/wp-json\/wp\/v2\/media\/708828"}],"wp:attachment":[{"href":"https:\/\/streetmarkets.fr\/app\/wp-json\/wp\/v2\/media?parent=708827"}],"wp:term":[{"taxonomy":"product_brand","embeddable":true,"href":"https:\/\/streetmarkets.fr\/app\/wp-json\/wp\/v2\/product_brand?post=708827"},{"taxonomy":"product_cat","embeddable":true,"href":"https:\/\/streetmarkets.fr\/app\/wp-json\/wp\/v2\/product_cat?post=708827"},{"taxonomy":"product_tag","embeddable":true,"href":"https:\/\/streetmarkets.fr\/app\/wp-json\/wp\/v2\/product_tag?post=708827"}],"curies":[{"name":"wp","href":"https:\/\/api.w.org\/{rel}","templated":true}]}}