{"id":708816,"date":"2024-10-15T16:45:49","date_gmt":"2024-10-15T14:45:49","guid":{"rendered":"https:\/\/streetmarkets.fr\/app\/produit\/top-bex-violet-shells-xirena\/"},"modified":"2024-12-04T01:03:39","modified_gmt":"2024-12-04T00:03:39","slug":"top-bex-violet-shells-xirena","status":"publish","type":"product","link":"https:\/\/streetmarkets.fr\/app\/produit\/top-bex-violet-shells-xirena\/","title":{"rendered":"XIRENA Top Bex Violet Shells"},"content":{"rendered":"<p class=\"\">Top boh\u00e8me en coton motif floral, coupe ample et droite, encolure en V, pliss\u00e9 aux \u00e9paules, sur le devant et le dos. <\/p>\n<p class=\"\">D\u00e9tail : 100% coton<\/p>\n","protected":false},"excerpt":{"rendered":"<p>Top boh\u00e8me en coton motif floral, coupe ample et droite, encolure en V, pliss\u00e9 aux \u00e9paules, sur le devant et le dos. D\u00e9tail : 100% coton<\/p>\n","protected":false},"featured_media":708817,"comment_status":"open","ping_status":"closed","template":"","meta":[],"product_brand":[],"product_cat":[1756,1762],"product_tag":[2244],"acf":[],"_links":{"self":[{"href":"https:\/\/streetmarkets.fr\/app\/wp-json\/wp\/v2\/product\/708816"}],"collection":[{"href":"https:\/\/streetmarkets.fr\/app\/wp-json\/wp\/v2\/product"}],"about":[{"href":"https:\/\/streetmarkets.fr\/app\/wp-json\/wp\/v2\/types\/product"}],"replies":[{"embeddable":true,"href":"https:\/\/streetmarkets.fr\/app\/wp-json\/wp\/v2\/comments?post=708816"}],"wp:featuredmedia":[{"embeddable":true,"href":"https:\/\/streetmarkets.fr\/app\/wp-json\/wp\/v2\/media\/708817"}],"wp:attachment":[{"href":"https:\/\/streetmarkets.fr\/app\/wp-json\/wp\/v2\/media?parent=708816"}],"wp:term":[{"taxonomy":"product_brand","embeddable":true,"href":"https:\/\/streetmarkets.fr\/app\/wp-json\/wp\/v2\/product_brand?post=708816"},{"taxonomy":"product_cat","embeddable":true,"href":"https:\/\/streetmarkets.fr\/app\/wp-json\/wp\/v2\/product_cat?post=708816"},{"taxonomy":"product_tag","embeddable":true,"href":"https:\/\/streetmarkets.fr\/app\/wp-json\/wp\/v2\/product_tag?post=708816"}],"curies":[{"name":"wp","href":"https:\/\/api.w.org\/{rel}","templated":true}]}}