{"id":708800,"date":"2024-10-15T16:45:48","date_gmt":"2024-10-15T14:45:48","guid":{"rendered":"https:\/\/streetmarkets.fr\/app\/produit\/top-aggie-ballet-pink-xirena\/"},"modified":"2024-12-04T01:03:38","modified_gmt":"2024-12-04T00:03:38","slug":"top-aggie-ballet-pink-xirena","status":"publish","type":"product","link":"https:\/\/streetmarkets.fr\/app\/produit\/top-aggie-ballet-pink-xirena\/","title":{"rendered":"XIRENA Top Aggie Ballet Pink"},"content":{"rendered":"<p class=\"\">Top \u00e0 bretelles coupe ajust\u00e9e, encolure en V, petits boutons sur le devant, doux et confortable. \u00c9galement disponible en ecru.<\/p>\n<p class=\"\">D\u00e9tail : 95% coton, 5% cachemire  <\/p>\n","protected":false},"excerpt":{"rendered":"<p>Top \u00e0 bretelles coupe ajust\u00e9e, encolure en V, petits boutons sur le devant, doux et confortable. \u00c9galement disponible en ecru. D\u00e9tail : 95% coton, 5% cachemire<\/p>\n","protected":false},"featured_media":708801,"comment_status":"open","ping_status":"closed","template":"","meta":[],"product_brand":[],"product_cat":[1756,1762],"product_tag":[2244],"acf":[],"_links":{"self":[{"href":"https:\/\/streetmarkets.fr\/app\/wp-json\/wp\/v2\/product\/708800"}],"collection":[{"href":"https:\/\/streetmarkets.fr\/app\/wp-json\/wp\/v2\/product"}],"about":[{"href":"https:\/\/streetmarkets.fr\/app\/wp-json\/wp\/v2\/types\/product"}],"replies":[{"embeddable":true,"href":"https:\/\/streetmarkets.fr\/app\/wp-json\/wp\/v2\/comments?post=708800"}],"wp:featuredmedia":[{"embeddable":true,"href":"https:\/\/streetmarkets.fr\/app\/wp-json\/wp\/v2\/media\/708801"}],"wp:attachment":[{"href":"https:\/\/streetmarkets.fr\/app\/wp-json\/wp\/v2\/media?parent=708800"}],"wp:term":[{"taxonomy":"product_brand","embeddable":true,"href":"https:\/\/streetmarkets.fr\/app\/wp-json\/wp\/v2\/product_brand?post=708800"},{"taxonomy":"product_cat","embeddable":true,"href":"https:\/\/streetmarkets.fr\/app\/wp-json\/wp\/v2\/product_cat?post=708800"},{"taxonomy":"product_tag","embeddable":true,"href":"https:\/\/streetmarkets.fr\/app\/wp-json\/wp\/v2\/product_tag?post=708800"}],"curies":[{"name":"wp","href":"https:\/\/api.w.org\/{rel}","templated":true}]}}