{"id":708782,"date":"2024-10-15T16:45:13","date_gmt":"2024-10-15T14:45:13","guid":{"rendered":"https:\/\/streetmarkets.fr\/app\/produit\/sac-vintage-mesh-tote-tan-dragon-diffusion-2\/"},"modified":"2024-10-15T16:45:13","modified_gmt":"2024-10-15T14:45:13","slug":"sac-vintage-mesh-tote-tan-dragon-diffusion-2","status":"publish","type":"product","link":"https:\/\/streetmarkets.fr\/app\/produit\/sac-vintage-mesh-tote-tan-dragon-diffusion-2\/","title":{"rendered":"Sac Vintage Mesh Tote Tan DRAGON DIFFUSION"},"content":{"rendered":"<p class=\"\">Le sac Vintage Mesh Tote Dragon Diffusion, sac port\u00e9 \u00e9paule ou main en cuir tress\u00e9, couleur Tan, enti\u00e8rement r\u00e9alis\u00e9 \u00e0 la main, une petite m\u00e9daille Saint Christophe est cousue \u00e0 la main \u00e0 l\u2019int\u00e9rieur de chaque sac, gage d\u2019authenticit\u00e9 de la marque. Il est compos\u00e9 de deux vastes compartiments s\u00e9par\u00e9s par une poche zipp\u00e9e d\u00e9tachable et d\u2019une seconde poche zipp\u00e9e plaqu\u00e9e \u00e0 l\u2019int\u00e9rieur, le sac se ferme par un bouton pression. Doublure en coton, ses dimensions : 38x26x10cm<\/p>\n<p class=\"\">D\u00e9tail : 100% cuir de veau, ce produit est une fabrication artisanale et non industriel, il permet la pr\u00e9servation de savoir-faire ancestraux et le respect de tout ceux qui participent \u00e0 sa fabrication.<\/p>\n","protected":false},"excerpt":{"rendered":"<p>Le sac Vintage Mesh Tote Dragon Diffusion, sac port\u00e9 \u00e9paule ou main en cuir tress\u00e9, couleur Tan, enti\u00e8rement r\u00e9alis\u00e9 \u00e0 la main, une petite m\u00e9daille Saint Christophe est cousue \u00e0 la main \u00e0 l\u2019int\u00e9rieur de chaque sac, gage d\u2019authenticit\u00e9 de la marque. Il est compos\u00e9 de deux vastes compartiments s\u00e9par\u00e9s par une poche zipp\u00e9e d\u00e9tachable [&hellip;]<\/p>\n","protected":false},"featured_media":708783,"comment_status":"open","ping_status":"closed","template":"","meta":[],"product_brand":[],"product_cat":[1756,1764],"product_tag":[2244],"acf":[],"_links":{"self":[{"href":"https:\/\/streetmarkets.fr\/app\/wp-json\/wp\/v2\/product\/708782"}],"collection":[{"href":"https:\/\/streetmarkets.fr\/app\/wp-json\/wp\/v2\/product"}],"about":[{"href":"https:\/\/streetmarkets.fr\/app\/wp-json\/wp\/v2\/types\/product"}],"replies":[{"embeddable":true,"href":"https:\/\/streetmarkets.fr\/app\/wp-json\/wp\/v2\/comments?post=708782"}],"wp:featuredmedia":[{"embeddable":true,"href":"https:\/\/streetmarkets.fr\/app\/wp-json\/wp\/v2\/media\/708783"}],"wp:attachment":[{"href":"https:\/\/streetmarkets.fr\/app\/wp-json\/wp\/v2\/media?parent=708782"}],"wp:term":[{"taxonomy":"product_brand","embeddable":true,"href":"https:\/\/streetmarkets.fr\/app\/wp-json\/wp\/v2\/product_brand?post=708782"},{"taxonomy":"product_cat","embeddable":true,"href":"https:\/\/streetmarkets.fr\/app\/wp-json\/wp\/v2\/product_cat?post=708782"},{"taxonomy":"product_tag","embeddable":true,"href":"https:\/\/streetmarkets.fr\/app\/wp-json\/wp\/v2\/product_tag?post=708782"}],"curies":[{"name":"wp","href":"https:\/\/api.w.org\/{rel}","templated":true}]}}