{"id":708771,"date":"2024-10-15T16:45:12","date_gmt":"2024-10-15T14:45:12","guid":{"rendered":"https:\/\/streetmarkets.fr\/app\/produit\/jupe-widland-tundra-american-vintage\/"},"modified":"2024-10-30T01:03:21","modified_gmt":"2024-10-30T00:03:21","slug":"jupe-widland-tundra-american-vintage","status":"publish","type":"product","link":"https:\/\/streetmarkets.fr\/app\/produit\/jupe-widland-tundra-american-vintage\/","title":{"rendered":"Jupe Widland Tundra AMERICAN VINTAGE"},"content":{"rendered":"<p class=\"\">Jupe longue \u00e9lastiqu\u00e9e \u00e0 la taille, fente sur le devant, douce et fluide. <\/p>\n<p class=\"\">D\u00e9tail : 100% acetate<\/p>\n","protected":false},"excerpt":{"rendered":"<p>Jupe longue \u00e9lastiqu\u00e9e \u00e0 la taille, fente sur le devant, douce et fluide. D\u00e9tail : 100% acetate<\/p>\n","protected":false},"featured_media":708772,"comment_status":"open","ping_status":"closed","template":"","meta":[],"product_brand":[7130],"product_cat":[1756,1762],"product_tag":[2244],"acf":[],"_links":{"self":[{"href":"https:\/\/streetmarkets.fr\/app\/wp-json\/wp\/v2\/product\/708771"}],"collection":[{"href":"https:\/\/streetmarkets.fr\/app\/wp-json\/wp\/v2\/product"}],"about":[{"href":"https:\/\/streetmarkets.fr\/app\/wp-json\/wp\/v2\/types\/product"}],"replies":[{"embeddable":true,"href":"https:\/\/streetmarkets.fr\/app\/wp-json\/wp\/v2\/comments?post=708771"}],"wp:featuredmedia":[{"embeddable":true,"href":"https:\/\/streetmarkets.fr\/app\/wp-json\/wp\/v2\/media\/708772"}],"wp:attachment":[{"href":"https:\/\/streetmarkets.fr\/app\/wp-json\/wp\/v2\/media?parent=708771"}],"wp:term":[{"taxonomy":"product_brand","embeddable":true,"href":"https:\/\/streetmarkets.fr\/app\/wp-json\/wp\/v2\/product_brand?post=708771"},{"taxonomy":"product_cat","embeddable":true,"href":"https:\/\/streetmarkets.fr\/app\/wp-json\/wp\/v2\/product_cat?post=708771"},{"taxonomy":"product_tag","embeddable":true,"href":"https:\/\/streetmarkets.fr\/app\/wp-json\/wp\/v2\/product_tag?post=708771"}],"curies":[{"name":"wp","href":"https:\/\/api.w.org\/{rel}","templated":true}]}}