{"id":708746,"date":"2024-10-15T16:45:10","date_gmt":"2024-10-15T14:45:10","guid":{"rendered":"https:\/\/streetmarkets.fr\/app\/produit\/chemise-scout-black-xirena\/"},"modified":"2025-03-24T01:04:26","modified_gmt":"2025-03-24T00:04:26","slug":"chemise-scout-black-xirena","status":"publish","type":"product","link":"https:\/\/streetmarkets.fr\/app\/produit\/chemise-scout-black-xirena\/","title":{"rendered":"XIRENA Chemise Scout Black"},"content":{"rendered":"<p class=\"\"><span>Chemise coupe ample et droite, manches longues, poignets resserr\u00e9s, douce et agr\u00e9able.\u00c9galement disponible dans d\u2019autres couleurs.<\/span><\/p>\n<p class=\"\"><span>D\u00e9tail : 100% coton<\/span><\/p>\n","protected":false},"excerpt":{"rendered":"<p>Chemise coupe ample et droite, manches longues, poignets resserr\u00e9s, douce et agr\u00e9able.\u00c9galement disponible dans d\u2019autres couleurs. D\u00e9tail : 100% coton<\/p>\n","protected":false},"featured_media":708747,"comment_status":"open","ping_status":"closed","template":"","meta":[],"product_brand":[],"product_cat":[1756,1762],"product_tag":[2244],"acf":[],"_links":{"self":[{"href":"https:\/\/streetmarkets.fr\/app\/wp-json\/wp\/v2\/product\/708746"}],"collection":[{"href":"https:\/\/streetmarkets.fr\/app\/wp-json\/wp\/v2\/product"}],"about":[{"href":"https:\/\/streetmarkets.fr\/app\/wp-json\/wp\/v2\/types\/product"}],"replies":[{"embeddable":true,"href":"https:\/\/streetmarkets.fr\/app\/wp-json\/wp\/v2\/comments?post=708746"}],"wp:featuredmedia":[{"embeddable":true,"href":"https:\/\/streetmarkets.fr\/app\/wp-json\/wp\/v2\/media\/708747"}],"wp:attachment":[{"href":"https:\/\/streetmarkets.fr\/app\/wp-json\/wp\/v2\/media?parent=708746"}],"wp:term":[{"taxonomy":"product_brand","embeddable":true,"href":"https:\/\/streetmarkets.fr\/app\/wp-json\/wp\/v2\/product_brand?post=708746"},{"taxonomy":"product_cat","embeddable":true,"href":"https:\/\/streetmarkets.fr\/app\/wp-json\/wp\/v2\/product_cat?post=708746"},{"taxonomy":"product_tag","embeddable":true,"href":"https:\/\/streetmarkets.fr\/app\/wp-json\/wp\/v2\/product_tag?post=708746"}],"curies":[{"name":"wp","href":"https:\/\/api.w.org\/{rel}","templated":true}]}}