{"id":708731,"date":"2024-10-15T16:45:09","date_gmt":"2024-10-15T14:45:09","guid":{"rendered":"https:\/\/streetmarkets.fr\/app\/produit\/chemise-seva-pink-v-de-vinster-40\/"},"modified":"2026-04-15T02:03:32","modified_gmt":"2026-04-15T00:03:32","slug":"chemise-seva-pink-v-de-vinster-40","status":"publish","type":"product","link":"https:\/\/streetmarkets.fr\/app\/produit\/chemise-seva-pink-v-de-vinster-40\/","title":{"rendered":"Chemise Seva Pink V de Vinster -40%"},"content":{"rendered":"<p class=\"\">Chemise en coton, coupe ample, pliss\u00e9e dans le dos, manches longues bouffantes, poignets resserr\u00e9s et emmanchure large. Douce et fluide. \u00c9galement disponible dans d\u2019autres coloris.<\/p>\n<p class=\"\">D\u00e9tail : 100% coton<\/p>\n","protected":false},"excerpt":{"rendered":"<p>Chemise en coton, coupe ample, pliss\u00e9e dans le dos, manches longues bouffantes, poignets resserr\u00e9s et emmanchure large. Douce et fluide. \u00c9galement disponible dans d\u2019autres coloris. D\u00e9tail : 100% coton<\/p>\n","protected":false},"featured_media":708732,"comment_status":"open","ping_status":"closed","template":"","meta":[],"product_brand":[],"product_cat":[1756,1762],"product_tag":[2244],"acf":[],"_links":{"self":[{"href":"https:\/\/streetmarkets.fr\/app\/wp-json\/wp\/v2\/product\/708731"}],"collection":[{"href":"https:\/\/streetmarkets.fr\/app\/wp-json\/wp\/v2\/product"}],"about":[{"href":"https:\/\/streetmarkets.fr\/app\/wp-json\/wp\/v2\/types\/product"}],"replies":[{"embeddable":true,"href":"https:\/\/streetmarkets.fr\/app\/wp-json\/wp\/v2\/comments?post=708731"}],"wp:featuredmedia":[{"embeddable":true,"href":"https:\/\/streetmarkets.fr\/app\/wp-json\/wp\/v2\/media\/708732"}],"wp:attachment":[{"href":"https:\/\/streetmarkets.fr\/app\/wp-json\/wp\/v2\/media?parent=708731"}],"wp:term":[{"taxonomy":"product_brand","embeddable":true,"href":"https:\/\/streetmarkets.fr\/app\/wp-json\/wp\/v2\/product_brand?post=708731"},{"taxonomy":"product_cat","embeddable":true,"href":"https:\/\/streetmarkets.fr\/app\/wp-json\/wp\/v2\/product_cat?post=708731"},{"taxonomy":"product_tag","embeddable":true,"href":"https:\/\/streetmarkets.fr\/app\/wp-json\/wp\/v2\/product_tag?post=708731"}],"curies":[{"name":"wp","href":"https:\/\/api.w.org\/{rel}","templated":true}]}}