{"id":708719,"date":"2024-10-15T16:45:09","date_gmt":"2024-10-15T14:45:09","guid":{"rendered":"https:\/\/streetmarkets.fr\/app\/produit\/blouse-palm-pink-v-de-vinster\/"},"modified":"2026-05-13T02:02:54","modified_gmt":"2026-05-13T00:02:54","slug":"blouse-palm-pink-v-de-vinster","status":"publish","type":"product","link":"https:\/\/streetmarkets.fr\/app\/produit\/blouse-palm-pink-v-de-vinster\/","title":{"rendered":"Blouse Palm Pink V de Vinster"},"content":{"rendered":"<p class=\"\">Blouse en coton, coupe ample, boutonn\u00e9e sur toute la hauteur devant. Manches longues et poignets resserr\u00e9s, emmanchure large. Douce et fluide. \u00c9galement disponible dans le coloris Blue.<\/p>\n<p class=\"\">D\u00e9tail : 100% coton Khadi<\/p>\n","protected":false},"excerpt":{"rendered":"<p>Blouse en coton, coupe ample, boutonn\u00e9e sur toute la hauteur devant. Manches longues et poignets resserr\u00e9s, emmanchure large. Douce et fluide. \u00c9galement disponible dans le coloris Blue. D\u00e9tail : 100% coton Khadi<\/p>\n","protected":false},"featured_media":708720,"comment_status":"open","ping_status":"closed","template":"","meta":[],"product_brand":[],"product_cat":[1756,1762],"product_tag":[2244],"acf":[],"_links":{"self":[{"href":"https:\/\/streetmarkets.fr\/app\/wp-json\/wp\/v2\/product\/708719"}],"collection":[{"href":"https:\/\/streetmarkets.fr\/app\/wp-json\/wp\/v2\/product"}],"about":[{"href":"https:\/\/streetmarkets.fr\/app\/wp-json\/wp\/v2\/types\/product"}],"replies":[{"embeddable":true,"href":"https:\/\/streetmarkets.fr\/app\/wp-json\/wp\/v2\/comments?post=708719"}],"wp:featuredmedia":[{"embeddable":true,"href":"https:\/\/streetmarkets.fr\/app\/wp-json\/wp\/v2\/media\/708720"}],"wp:attachment":[{"href":"https:\/\/streetmarkets.fr\/app\/wp-json\/wp\/v2\/media?parent=708719"}],"wp:term":[{"taxonomy":"product_brand","embeddable":true,"href":"https:\/\/streetmarkets.fr\/app\/wp-json\/wp\/v2\/product_brand?post=708719"},{"taxonomy":"product_cat","embeddable":true,"href":"https:\/\/streetmarkets.fr\/app\/wp-json\/wp\/v2\/product_cat?post=708719"},{"taxonomy":"product_tag","embeddable":true,"href":"https:\/\/streetmarkets.fr\/app\/wp-json\/wp\/v2\/product_tag?post=708719"}],"curies":[{"name":"wp","href":"https:\/\/api.w.org\/{rel}","templated":true}]}}