{"id":708713,"date":"2024-10-15T16:45:08","date_gmt":"2024-10-15T14:45:08","guid":{"rendered":"https:\/\/streetmarkets.fr\/app\/produit\/robe-preeti-white-v-de-vinster-40\/"},"modified":"2026-05-11T02:02:57","modified_gmt":"2026-05-11T00:02:57","slug":"robe-preeti-white-v-de-vinster-40","status":"publish","type":"product","link":"https:\/\/streetmarkets.fr\/app\/produit\/robe-preeti-white-v-de-vinster-40\/","title":{"rendered":"Robe Preeti White V de Vinster. -40%"},"content":{"rendered":"<p class=\"\">Robe courte en coton, coupe ample, avec d\u00e9tail de broderies. Manches longues et poignets resserr\u00e9s, emmanchure large. Encolure ouverte devant par des petits boutons. Douce et l\u00e9g\u00e8re.<\/p>\n<p class=\"\">D\u00e9tail : 100% coton.<\/p>\n","protected":false},"excerpt":{"rendered":"<p>Robe courte en coton, coupe ample, avec d\u00e9tail de broderies. Manches longues et poignets resserr\u00e9s, emmanchure large. Encolure ouverte devant par des petits boutons. Douce et l\u00e9g\u00e8re. D\u00e9tail : 100% coton.<\/p>\n","protected":false},"featured_media":708714,"comment_status":"open","ping_status":"closed","template":"","meta":[],"product_brand":[],"product_cat":[1756,1762],"product_tag":[2244],"acf":[],"_links":{"self":[{"href":"https:\/\/streetmarkets.fr\/app\/wp-json\/wp\/v2\/product\/708713"}],"collection":[{"href":"https:\/\/streetmarkets.fr\/app\/wp-json\/wp\/v2\/product"}],"about":[{"href":"https:\/\/streetmarkets.fr\/app\/wp-json\/wp\/v2\/types\/product"}],"replies":[{"embeddable":true,"href":"https:\/\/streetmarkets.fr\/app\/wp-json\/wp\/v2\/comments?post=708713"}],"wp:featuredmedia":[{"embeddable":true,"href":"https:\/\/streetmarkets.fr\/app\/wp-json\/wp\/v2\/media\/708714"}],"wp:attachment":[{"href":"https:\/\/streetmarkets.fr\/app\/wp-json\/wp\/v2\/media?parent=708713"}],"wp:term":[{"taxonomy":"product_brand","embeddable":true,"href":"https:\/\/streetmarkets.fr\/app\/wp-json\/wp\/v2\/product_brand?post=708713"},{"taxonomy":"product_cat","embeddable":true,"href":"https:\/\/streetmarkets.fr\/app\/wp-json\/wp\/v2\/product_cat?post=708713"},{"taxonomy":"product_tag","embeddable":true,"href":"https:\/\/streetmarkets.fr\/app\/wp-json\/wp\/v2\/product_tag?post=708713"}],"curies":[{"name":"wp","href":"https:\/\/api.w.org\/{rel}","templated":true}]}}