{"id":708706,"date":"2024-10-15T16:45:08","date_gmt":"2024-10-15T14:45:08","guid":{"rendered":"https:\/\/streetmarkets.fr\/app\/produit\/robe-palm-pink-v-de-vinster-40\/"},"modified":"2026-04-15T02:03:01","modified_gmt":"2026-04-15T00:03:01","slug":"robe-palm-pink-v-de-vinster-40","status":"publish","type":"product","link":"https:\/\/streetmarkets.fr\/app\/produit\/robe-palm-pink-v-de-vinster-40\/","title":{"rendered":"Robe Palm Pink V de Vinster. -40%"},"content":{"rendered":"<p class=\"\">Robe longue en coton, coupe ample, boutonn\u00e9e sur toute la hauteur devant. Manches longues, emmanchure large. Deux poches lat\u00e9rales. Douce et fluide. \u00c9galement disponible dans le coloris Blue.<\/p>\n<p class=\"\">D\u00e9tail : 100% coton Khadi<\/p>\n","protected":false},"excerpt":{"rendered":"<p>Robe longue en coton, coupe ample, boutonn\u00e9e sur toute la hauteur devant. Manches longues, emmanchure large. Deux poches lat\u00e9rales. Douce et fluide. \u00c9galement disponible dans le coloris Blue. D\u00e9tail : 100% coton Khadi<\/p>\n","protected":false},"featured_media":708707,"comment_status":"open","ping_status":"closed","template":"","meta":[],"product_brand":[],"product_cat":[1756,1762],"product_tag":[2244],"acf":[],"_links":{"self":[{"href":"https:\/\/streetmarkets.fr\/app\/wp-json\/wp\/v2\/product\/708706"}],"collection":[{"href":"https:\/\/streetmarkets.fr\/app\/wp-json\/wp\/v2\/product"}],"about":[{"href":"https:\/\/streetmarkets.fr\/app\/wp-json\/wp\/v2\/types\/product"}],"replies":[{"embeddable":true,"href":"https:\/\/streetmarkets.fr\/app\/wp-json\/wp\/v2\/comments?post=708706"}],"wp:featuredmedia":[{"embeddable":true,"href":"https:\/\/streetmarkets.fr\/app\/wp-json\/wp\/v2\/media\/708707"}],"wp:attachment":[{"href":"https:\/\/streetmarkets.fr\/app\/wp-json\/wp\/v2\/media?parent=708706"}],"wp:term":[{"taxonomy":"product_brand","embeddable":true,"href":"https:\/\/streetmarkets.fr\/app\/wp-json\/wp\/v2\/product_brand?post=708706"},{"taxonomy":"product_cat","embeddable":true,"href":"https:\/\/streetmarkets.fr\/app\/wp-json\/wp\/v2\/product_cat?post=708706"},{"taxonomy":"product_tag","embeddable":true,"href":"https:\/\/streetmarkets.fr\/app\/wp-json\/wp\/v2\/product_tag?post=708706"}],"curies":[{"name":"wp","href":"https:\/\/api.w.org\/{rel}","templated":true}]}}