{"id":708701,"date":"2024-10-15T16:45:08","date_gmt":"2024-10-15T14:45:08","guid":{"rendered":"https:\/\/streetmarkets.fr\/app\/produit\/robe-palm-blue-v-de-vinster-40\/"},"modified":"2026-05-09T02:03:17","modified_gmt":"2026-05-09T00:03:17","slug":"robe-palm-blue-v-de-vinster-40","status":"publish","type":"product","link":"https:\/\/streetmarkets.fr\/app\/produit\/robe-palm-blue-v-de-vinster-40\/","title":{"rendered":"Robe Palm Blue V de Vinster. -40%"},"content":{"rendered":"<p class=\"\">Robe-chemise longue en coton organique, coupe ample, boutonn\u00e9e sur toute la hauteur devant. Manches longues, emmanchure large. Deux poches lat\u00e9rales. Douce et fluide. Cette pi\u00e8ce d\u00e9licate \u00e0 \u00e9t\u00e9 r\u00e9alis\u00e9e selon la m\u00e9thode ancestrale du tie and dye fait main avec un motif de palmiers. \u00c9galement disponible en Rose Pink.<\/p>\n<p class=\"\">D\u00e9tail : 100% coton Khadi<\/p>\n","protected":false},"excerpt":{"rendered":"<p>Robe-chemise longue en coton organique, coupe ample, boutonn\u00e9e sur toute la hauteur devant. Manches longues, emmanchure large. Deux poches lat\u00e9rales. Douce et fluide. Cette pi\u00e8ce d\u00e9licate \u00e0 \u00e9t\u00e9 r\u00e9alis\u00e9e selon la m\u00e9thode ancestrale du tie and dye fait main avec un motif de palmiers. \u00c9galement disponible en Rose Pink. D\u00e9tail : 100% coton Khadi<\/p>\n","protected":false},"featured_media":708702,"comment_status":"open","ping_status":"closed","template":"","meta":[],"product_brand":[],"product_cat":[1756,1762],"product_tag":[2244],"acf":[],"_links":{"self":[{"href":"https:\/\/streetmarkets.fr\/app\/wp-json\/wp\/v2\/product\/708701"}],"collection":[{"href":"https:\/\/streetmarkets.fr\/app\/wp-json\/wp\/v2\/product"}],"about":[{"href":"https:\/\/streetmarkets.fr\/app\/wp-json\/wp\/v2\/types\/product"}],"replies":[{"embeddable":true,"href":"https:\/\/streetmarkets.fr\/app\/wp-json\/wp\/v2\/comments?post=708701"}],"wp:featuredmedia":[{"embeddable":true,"href":"https:\/\/streetmarkets.fr\/app\/wp-json\/wp\/v2\/media\/708702"}],"wp:attachment":[{"href":"https:\/\/streetmarkets.fr\/app\/wp-json\/wp\/v2\/media?parent=708701"}],"wp:term":[{"taxonomy":"product_brand","embeddable":true,"href":"https:\/\/streetmarkets.fr\/app\/wp-json\/wp\/v2\/product_brand?post=708701"},{"taxonomy":"product_cat","embeddable":true,"href":"https:\/\/streetmarkets.fr\/app\/wp-json\/wp\/v2\/product_cat?post=708701"},{"taxonomy":"product_tag","embeddable":true,"href":"https:\/\/streetmarkets.fr\/app\/wp-json\/wp\/v2\/product_tag?post=708701"}],"curies":[{"name":"wp","href":"https:\/\/api.w.org\/{rel}","templated":true}]}}