{"id":708688,"date":"2024-10-15T16:45:07","date_gmt":"2024-10-15T14:45:07","guid":{"rendered":"https:\/\/streetmarkets.fr\/app\/produit\/chemise-beau-white-xirena\/"},"modified":"2025-12-20T01:05:12","modified_gmt":"2025-12-20T00:05:12","slug":"chemise-beau-white-xirena","status":"publish","type":"product","link":"https:\/\/streetmarkets.fr\/app\/produit\/chemise-beau-white-xirena\/","title":{"rendered":"Nouveau ! XIRENA Chemise Beau White"},"content":{"rendered":"<p class=\"\" data-rte-preserve-empty=\"true\">Chemise en coton coupe ample et droite, manches longues et poignets resserr\u00e9s, douce et agr\u00e9able. \u00c9galement disponible dans d\u2019autres couleurs.<\/p>\n<p class=\"\" data-rte-preserve-empty=\"true\">\n<p class=\"\" data-rte-preserve-empty=\"true\">D\u00e9tail : 100% coton<\/p>\n","protected":false},"excerpt":{"rendered":"<p>Chemise en coton coupe ample et droite, manches longues et poignets resserr\u00e9s, douce et agr\u00e9able. \u00c9galement disponible dans d\u2019autres couleurs. D\u00e9tail : 100% coton<\/p>\n","protected":false},"featured_media":708689,"comment_status":"open","ping_status":"closed","template":"","meta":[],"product_brand":[],"product_cat":[1756,1762],"product_tag":[2244],"acf":[],"_links":{"self":[{"href":"https:\/\/streetmarkets.fr\/app\/wp-json\/wp\/v2\/product\/708688"}],"collection":[{"href":"https:\/\/streetmarkets.fr\/app\/wp-json\/wp\/v2\/product"}],"about":[{"href":"https:\/\/streetmarkets.fr\/app\/wp-json\/wp\/v2\/types\/product"}],"replies":[{"embeddable":true,"href":"https:\/\/streetmarkets.fr\/app\/wp-json\/wp\/v2\/comments?post=708688"}],"wp:featuredmedia":[{"embeddable":true,"href":"https:\/\/streetmarkets.fr\/app\/wp-json\/wp\/v2\/media\/708689"}],"wp:attachment":[{"href":"https:\/\/streetmarkets.fr\/app\/wp-json\/wp\/v2\/media?parent=708688"}],"wp:term":[{"taxonomy":"product_brand","embeddable":true,"href":"https:\/\/streetmarkets.fr\/app\/wp-json\/wp\/v2\/product_brand?post=708688"},{"taxonomy":"product_cat","embeddable":true,"href":"https:\/\/streetmarkets.fr\/app\/wp-json\/wp\/v2\/product_cat?post=708688"},{"taxonomy":"product_tag","embeddable":true,"href":"https:\/\/streetmarkets.fr\/app\/wp-json\/wp\/v2\/product_tag?post=708688"}],"curies":[{"name":"wp","href":"https:\/\/api.w.org\/{rel}","templated":true}]}}