{"id":708674,"date":"2024-10-15T16:45:06","date_gmt":"2024-10-15T14:45:06","guid":{"rendered":"https:\/\/streetmarkets.fr\/app\/produit\/nouveau-sac-check-tote-black-dragon-diffusion-30\/"},"modified":"2025-09-06T02:00:36","modified_gmt":"2025-09-06T00:00:36","slug":"nouveau-sac-check-tote-black-dragon-diffusion-30","status":"publish","type":"product","link":"https:\/\/streetmarkets.fr\/app\/produit\/nouveau-sac-check-tote-black-dragon-diffusion-30\/","title":{"rendered":"Nouveau ! DRAGON DIFFUSION Sac Check Tote Black -50%"},"content":{"rendered":"<p class=\"\" data-rte-preserve-empty=\"true\">Le cabas Check est tout en cuir souple tress\u00e9 damier, enti\u00e8rement r\u00e9alis\u00e9 \u00e0 la main, il poss\u00e8de deux anses pour un port\u00e9 \u00e9paule ou main. Une petite m\u00e9daille Saint Christophe est cousue \u00e0 la main \u00e0 l\u2019int\u00e9rieur de chaque sac, gage d\u2019authenticit\u00e9 de la marque. Il est compos\u00e9 d\u2019un large compartiment, d\u2019une poche pour le t\u00e9l\u00e9phone, et sa fermeture se fait par une pression. Tout \u00e0 la fois solide et l\u00e9ger il peut ais\u00e9ment transport\u00e9 l\u2019ordinateur qui pourra vous suivre dans tout vos d\u00e9placements. <\/p>\n<p class=\"\" data-rte-preserve-empty=\"true\">Ses dimensions : 38 x 32 x 16cm Hauteur des anses : 22cm.<\/p>\n<p class=\"\" data-rte-preserve-empty=\"true\">D\u00e9tail : 100% cuir de veau, ce produit est une fabrication artisanale et non industriel, il permet la pr\u00e9servation de savoir-faire ancestraux et le respect de tout ceux qui participent \u00e0 sa fabrication, <span>les variations de couleurs entre chaque pi\u00e8ces lui offre ses particularit\u00e9s qui en fond un produit unique et pr\u00e9cieux.<\/span><\/p>\n","protected":false},"excerpt":{"rendered":"<p>Le cabas Check est tout en cuir souple tress\u00e9 damier, enti\u00e8rement r\u00e9alis\u00e9 \u00e0 la main, il poss\u00e8de deux anses pour un port\u00e9 \u00e9paule ou main. Une petite m\u00e9daille Saint Christophe est cousue \u00e0 la main \u00e0 l\u2019int\u00e9rieur de chaque sac, gage d\u2019authenticit\u00e9 de la marque. Il est compos\u00e9 d\u2019un large compartiment, d\u2019une poche pour le [&hellip;]<\/p>\n","protected":false},"featured_media":708675,"comment_status":"open","ping_status":"closed","template":"","meta":[],"product_brand":[],"product_cat":[1756,1764],"product_tag":[2244],"acf":[],"_links":{"self":[{"href":"https:\/\/streetmarkets.fr\/app\/wp-json\/wp\/v2\/product\/708674"}],"collection":[{"href":"https:\/\/streetmarkets.fr\/app\/wp-json\/wp\/v2\/product"}],"about":[{"href":"https:\/\/streetmarkets.fr\/app\/wp-json\/wp\/v2\/types\/product"}],"replies":[{"embeddable":true,"href":"https:\/\/streetmarkets.fr\/app\/wp-json\/wp\/v2\/comments?post=708674"}],"wp:featuredmedia":[{"embeddable":true,"href":"https:\/\/streetmarkets.fr\/app\/wp-json\/wp\/v2\/media\/708675"}],"wp:attachment":[{"href":"https:\/\/streetmarkets.fr\/app\/wp-json\/wp\/v2\/media?parent=708674"}],"wp:term":[{"taxonomy":"product_brand","embeddable":true,"href":"https:\/\/streetmarkets.fr\/app\/wp-json\/wp\/v2\/product_brand?post=708674"},{"taxonomy":"product_cat","embeddable":true,"href":"https:\/\/streetmarkets.fr\/app\/wp-json\/wp\/v2\/product_cat?post=708674"},{"taxonomy":"product_tag","embeddable":true,"href":"https:\/\/streetmarkets.fr\/app\/wp-json\/wp\/v2\/product_tag?post=708674"}],"curies":[{"name":"wp","href":"https:\/\/api.w.org\/{rel}","templated":true}]}}