{"id":708650,"date":"2024-10-15T16:45:05","date_gmt":"2024-10-15T14:45:05","guid":{"rendered":"https:\/\/streetmarkets.fr\/app\/produit\/nouveau-sac-vintage-mesh-tote-bordeaux-dragon-diffusion\/"},"modified":"2025-03-05T01:04:48","modified_gmt":"2025-03-05T00:04:48","slug":"nouveau-sac-vintage-mesh-tote-bordeaux-dragon-diffusion","status":"publish","type":"product","link":"https:\/\/streetmarkets.fr\/app\/produit\/nouveau-sac-vintage-mesh-tote-bordeaux-dragon-diffusion\/","title":{"rendered":"Nouveau ! DRAGON DIFFUSION Sac Vintage Mesh Tote Bordeaux"},"content":{"rendered":"<p class=\"\" data-rte-preserve-empty=\"true\">Le sac Vintage Mesh est tout en cuir tress\u00e9, enti\u00e8rement r\u00e9alis\u00e9 \u00e0 la main, ses deux anses lui permettent un port\u00e9 main ou \u00e9paule, il est compos\u00e9 de deux vastes compartiments s\u00e9par\u00e9s par une poche zipp\u00e9e d\u00e9tachable et d\u2019une seconde poche zipp\u00e9e plaqu\u00e9e \u00e0 l\u2019int\u00e9rieur, le sac se ferme par un bouton pression. Il poss\u00e8de une petite m\u00e9daille Saint Christophe cousue \u00e0 la main \u00e0 l\u2019int\u00e9rieur de chaque sac, gage d\u2019authenticit\u00e9 de la marque, et sa doublure est en coton. <\/p>\n<p class=\"\" data-rte-preserve-empty=\"true\">Ses dimensions : 38x26x10cm. \u00c9galement disponible dans la couleur Tan. <\/p>\n<p class=\"\" data-rte-preserve-empty=\"true\">D\u00e9tail : 100% cuir de veau, ce produit est une fabrication artisanale et non industriel, il permet la pr\u00e9servation de savoir-faire ancestraux et le respect de tout ceux qui participent \u00e0 sa fabrication, <span>les variations de couleurs entre chaque pi\u00e8ces lui offre ses particularit\u00e9s qui en fond un produit unique et pr\u00e9cieux.<\/span><\/p>\n","protected":false},"excerpt":{"rendered":"<p>Le sac Vintage Mesh est tout en cuir tress\u00e9, enti\u00e8rement r\u00e9alis\u00e9 \u00e0 la main, ses deux anses lui permettent un port\u00e9 main ou \u00e9paule, il est compos\u00e9 de deux vastes compartiments s\u00e9par\u00e9s par une poche zipp\u00e9e d\u00e9tachable et d\u2019une seconde poche zipp\u00e9e plaqu\u00e9e \u00e0 l\u2019int\u00e9rieur, le sac se ferme par un bouton pression. Il poss\u00e8de [&hellip;]<\/p>\n","protected":false},"featured_media":708651,"comment_status":"open","ping_status":"closed","template":"","meta":[],"product_brand":[],"product_cat":[1756,1764],"product_tag":[2244],"acf":[],"_links":{"self":[{"href":"https:\/\/streetmarkets.fr\/app\/wp-json\/wp\/v2\/product\/708650"}],"collection":[{"href":"https:\/\/streetmarkets.fr\/app\/wp-json\/wp\/v2\/product"}],"about":[{"href":"https:\/\/streetmarkets.fr\/app\/wp-json\/wp\/v2\/types\/product"}],"replies":[{"embeddable":true,"href":"https:\/\/streetmarkets.fr\/app\/wp-json\/wp\/v2\/comments?post=708650"}],"wp:featuredmedia":[{"embeddable":true,"href":"https:\/\/streetmarkets.fr\/app\/wp-json\/wp\/v2\/media\/708651"}],"wp:attachment":[{"href":"https:\/\/streetmarkets.fr\/app\/wp-json\/wp\/v2\/media?parent=708650"}],"wp:term":[{"taxonomy":"product_brand","embeddable":true,"href":"https:\/\/streetmarkets.fr\/app\/wp-json\/wp\/v2\/product_brand?post=708650"},{"taxonomy":"product_cat","embeddable":true,"href":"https:\/\/streetmarkets.fr\/app\/wp-json\/wp\/v2\/product_cat?post=708650"},{"taxonomy":"product_tag","embeddable":true,"href":"https:\/\/streetmarkets.fr\/app\/wp-json\/wp\/v2\/product_tag?post=708650"}],"curies":[{"name":"wp","href":"https:\/\/api.w.org\/{rel}","templated":true}]}}