{"id":708625,"date":"2024-10-15T16:45:03","date_gmt":"2024-10-15T14:45:03","guid":{"rendered":"https:\/\/streetmarkets.fr\/app\/produit\/nouveau-echarpe-cybill-snow-masscob\/"},"modified":"2026-05-06T02:01:16","modified_gmt":"2026-05-06T00:01:16","slug":"nouveau-echarpe-cybill-snow-masscob","status":"publish","type":"product","link":"https:\/\/streetmarkets.fr\/app\/produit\/nouveau-echarpe-cybill-snow-masscob\/","title":{"rendered":"MASSCOB \u00c9charpe Cybill Snow -40%"},"content":{"rendered":"<p class=\"\">\u00c9charpe en laine, toute douce et chaude. \u00c0 coordonner avec le bonnet Gene.<\/p>\n<p class=\"\">D\u00e9tail : 35% merinos, 30% baby alpaca, 35% acrylique<\/p>\n","protected":false},"excerpt":{"rendered":"<p>\u00c9charpe en laine, toute douce et chaude. \u00c0 coordonner avec le bonnet Gene. D\u00e9tail : 35% merinos, 30% baby alpaca, 35% acrylique<\/p>\n","protected":false},"featured_media":708626,"comment_status":"open","ping_status":"closed","template":"","meta":[],"product_brand":[],"product_cat":[1756,1764],"product_tag":[2244],"acf":[],"_links":{"self":[{"href":"https:\/\/streetmarkets.fr\/app\/wp-json\/wp\/v2\/product\/708625"}],"collection":[{"href":"https:\/\/streetmarkets.fr\/app\/wp-json\/wp\/v2\/product"}],"about":[{"href":"https:\/\/streetmarkets.fr\/app\/wp-json\/wp\/v2\/types\/product"}],"replies":[{"embeddable":true,"href":"https:\/\/streetmarkets.fr\/app\/wp-json\/wp\/v2\/comments?post=708625"}],"wp:featuredmedia":[{"embeddable":true,"href":"https:\/\/streetmarkets.fr\/app\/wp-json\/wp\/v2\/media\/708626"}],"wp:attachment":[{"href":"https:\/\/streetmarkets.fr\/app\/wp-json\/wp\/v2\/media?parent=708625"}],"wp:term":[{"taxonomy":"product_brand","embeddable":true,"href":"https:\/\/streetmarkets.fr\/app\/wp-json\/wp\/v2\/product_brand?post=708625"},{"taxonomy":"product_cat","embeddable":true,"href":"https:\/\/streetmarkets.fr\/app\/wp-json\/wp\/v2\/product_cat?post=708625"},{"taxonomy":"product_tag","embeddable":true,"href":"https:\/\/streetmarkets.fr\/app\/wp-json\/wp\/v2\/product_tag?post=708625"}],"curies":[{"name":"wp","href":"https:\/\/api.w.org\/{rel}","templated":true}]}}